{"id":2972,"date":"2024-11-01T10:54:20","date_gmt":"2024-11-01T14:54:20","guid":{"rendered":"https:\/\/isp.swlauriersb.vortexdev.com\/elementary-schools\/"},"modified":"2024-12-11T09:20:11","modified_gmt":"2024-12-11T14:20:11","slug":"ecole-elementaire","status":"publish","type":"page","link":"https:\/\/isp.swlauriersb.vortexdev.com\/fr\/jeunesse\/ecole-elementaire\/","title":{"rendered":"\u00c9coles Primaires"},"content":{"rendered":"\n<div class=\"wp-block-media-text is-stacked-on-mobile\" style=\"grid-template-columns:25% auto\"><figure class=\"wp-block-media-text__media\"><img loading=\"lazy\" decoding=\"async\" width=\"600\" height=\"450\" src=\"http:\/\/isp.swlauriersb.vortexdev.com\/wp-content\/uploads\/sites\/41\/2024\/12\/pic_elementary_john-f-kennedy-elementary.jpg\" alt=\"\" class=\"wp-image-3065 size-full\" srcset=\"https:\/\/isp.swlauriersb.vortexdev.com\/wp-content\/uploads\/sites\/41\/2024\/12\/pic_elementary_john-f-kennedy-elementary.jpg 600w, https:\/\/isp.swlauriersb.vortexdev.com\/wp-content\/uploads\/sites\/41\/2024\/12\/pic_elementary_john-f-kennedy-elementary-300x225.jpg 300w\" sizes=\"(max-width: 600px) 100vw, 600px\" \/><\/figure><div class=\"wp-block-media-text__content\">\n<h4 class=\"wp-block-heading has-teal-600-color has-text-color has-link-color wp-elements-ab1b2bb22b29b1a8636484b2b6928a56\"><strong>\u00c9cole Primaire John-F.-Kennedy<\/strong><\/h4>\n\n\n\n<p><strong>Adresse:<\/strong> <a href=\"https:\/\/www.google.com\/maps?safe=active&amp;sca_esv=01cba71388b00108&amp;rlz=1C1GCEA_enCA1132CA1132&amp;biw=1280&amp;bih=551&amp;output=search&amp;q=John+F.+Kennedy+Elementary+School&amp;source=lnms&amp;fbs=AEQNm0Aa4sjWe7Rqy32pFwRj0UkWd8nbOJfsBGGB5IQQO6L3J3ppPdoHI1O-XvbXbpNjYYwWUVH6qTfR1Lpek5F-7GS5G77zCDGUiyO9thp-XYOUMbcFKhVjBmWiBjrk_CeO5FeR902XjlfKme9IUuo-RkGmYwMfdckVS1YSig45llqcDConY_0PJixjIalv6Pd97s0xoefgXcbnDc9tDu7y9KXK996Z2A&amp;entry=mc&amp;ved=1t:200715&amp;ictx=111\" target=\"_blank\" rel=\"noreferrer noopener\">500, rue Cardinal Laval (Qu\u00e9bec) H7V 1T5<\/a><br><strong>T\u00e9l\u00e9phone:<\/strong> 450 686-6292<\/p>\n\n\n\n<div class=\"wp-block-buttons is-layout-flex wp-block-buttons-is-layout-flex\">\n<div class=\"wp-block-button is-style-text-link-pdf\"><a class=\"wp-block-button__link wp-element-button\" href=\"https:\/\/www.swlauriersb.qc.ca\/wp-content\/uploads\/2020\/12\/SCHOOL_BROCH_Elementary_JOHN_F_KENNEDY.pdf\" target=\"_blank\" rel=\"noreferrer noopener\">Brochure de l&#8217;\u00e9cole<i class=\"icon-pdf\"><\/i><\/a><\/div>\n<\/div>\n\n\n\n<div class=\"wp-block-buttons is-content-justification-left is-layout-flex wp-container-core-buttons-is-layout-2 wp-block-buttons-is-layout-flex\">\n<div class=\"wp-block-button is-style-outline\"><a class=\"wp-block-button__link has-text-align-left wp-element-button\" href=\"https:\/\/jfk.swlauriersb.qc.ca\/\">Visiter le site web<i class=\"icon-arrow-left\"><\/i><\/a><\/div>\n<\/div>\n<\/div><\/div>\n\n\n\n<div class=\"wp-block-media-text has-media-on-the-right is-stacked-on-mobile\" style=\"grid-template-columns:auto 25%\"><div class=\"wp-block-media-text__content\">\n<h4 class=\"wp-block-heading has-teal-600-color has-text-color has-link-color wp-elements-915c23bac95d9457ea902131adeb7ee2\"><strong>\u00c9cole Primaire<\/strong> <strong>Laurentia<\/strong><\/h4>\n\n\n\n<p><strong><strong>Adresse<\/strong>:<\/strong> <a href=\"https:\/\/www.google.com\/maps\/place\/Laurentia+Elementary+School\/@45.787665,-74.0050195,17z\/data=!3m1!4b1!4m6!3m5!1s0x4ccf2cbe6e033ef1:0x88593b7299e149ce!8m2!3d45.787665!4d-74.0024446!16s%2Fg%2F1tftkvcs?entry=ttu&amp;g_ep=EgoyMDI0MTExMC4wIKXMDSoASAFQAw%3D%3D\" target=\"_blank\" rel=\"noreferrer noopener\">457, rue Filion Saint-J\u00e9r\u00f4me (Qu\u00e9bec) J7Z 1H7<\/a><br><strong><strong>T\u00e9l\u00e9phone<\/strong>:<\/strong> 450 438-6078<\/p>\n\n\n\n<div class=\"wp-block-buttons is-layout-flex wp-block-buttons-is-layout-flex\">\n<div class=\"wp-block-button is-style-outline\"><a class=\"wp-block-button__link wp-element-button\" href=\"https:\/\/laurentia.swlauriersb.qc.ca\/\" target=\"_blank\" rel=\"noreferrer noopener\">Visiter le site web<i class=\"icon-arrow-left\"><\/i><\/a><\/div>\n<\/div>\n<\/div><figure class=\"wp-block-media-text__media\"><img loading=\"lazy\" decoding=\"async\" width=\"1024\" height=\"768\" src=\"http:\/\/isp.swlauriersb.vortexdev.com\/wp-content\/uploads\/sites\/41\/2024\/11\/Laurentia-1024x768.jpg\" alt=\"\" class=\"wp-image-2601 size-full\" srcset=\"https:\/\/isp.swlauriersb.vortexdev.com\/wp-content\/uploads\/sites\/41\/2024\/11\/Laurentia-1024x768.jpg 1024w, https:\/\/isp.swlauriersb.vortexdev.com\/wp-content\/uploads\/sites\/41\/2024\/11\/Laurentia-300x225.jpg 300w, https:\/\/isp.swlauriersb.vortexdev.com\/wp-content\/uploads\/sites\/41\/2024\/11\/Laurentia-768x576.jpg 768w, https:\/\/isp.swlauriersb.vortexdev.com\/wp-content\/uploads\/sites\/41\/2024\/11\/Laurentia-1536x1152.jpg 1536w, https:\/\/isp.swlauriersb.vortexdev.com\/wp-content\/uploads\/sites\/41\/2024\/11\/Laurentia-2048x1536.jpg 2048w\" sizes=\"(max-width: 1024px) 100vw, 1024px\" \/><\/figure><\/div>\n\n\n\n<div class=\"wp-block-media-text is-stacked-on-mobile\" style=\"grid-template-columns:25% auto\"><figure class=\"wp-block-media-text__media\"><img loading=\"lazy\" decoding=\"async\" width=\"1024\" height=\"768\" src=\"http:\/\/isp.swlauriersb.vortexdev.com\/wp-content\/uploads\/sites\/41\/2024\/11\/LES-1024x768.jpg\" alt=\"\" class=\"wp-image-2608 size-full\" srcset=\"https:\/\/isp.swlauriersb.vortexdev.com\/wp-content\/uploads\/sites\/41\/2024\/11\/LES-1024x768.jpg 1024w, https:\/\/isp.swlauriersb.vortexdev.com\/wp-content\/uploads\/sites\/41\/2024\/11\/LES-300x225.jpg 300w, https:\/\/isp.swlauriersb.vortexdev.com\/wp-content\/uploads\/sites\/41\/2024\/11\/LES-768x576.jpg 768w, https:\/\/isp.swlauriersb.vortexdev.com\/wp-content\/uploads\/sites\/41\/2024\/11\/LES-1536x1152.jpg 1536w, https:\/\/isp.swlauriersb.vortexdev.com\/wp-content\/uploads\/sites\/41\/2024\/11\/LES-2048x1536.jpg 2048w\" sizes=\"(max-width: 1024px) 100vw, 1024px\" \/><\/figure><div class=\"wp-block-media-text__content\">\n<h4 class=\"wp-block-heading has-teal-600-color has-text-color has-link-color wp-elements-84e2d6a21a47571c214ee57c52b0f4ad\"><strong>\u00c9cole Primaire<\/strong> <strong>Laurentian<\/strong><\/h4>\n\n\n\n<p><strong><strong>Adresse<\/strong>:<\/strong> <a href=\"https:\/\/www.google.com\/maps?safe=active&amp;sca_esv=ae093cb415ffb20d&amp;rlz=1C1GCEA_enCA1132CA1132&amp;biw=1920&amp;bih=911&amp;output=search&amp;q=Laurentian+Elementary+School&amp;source=lnms&amp;fbs=AEQNm0Aa4sjWe7Rqy32pFwRj0UkWd8nbOJfsBGGB5IQQO6L3J3ppPdoHI1O-XvbXbpNjYYwWUVH6qTfR1Lpek5F-7GS5G77zCDGUiyO9thp-XYOUMbcFKhVjBmWiBjrk_CeO5FeR902XjlfKme9IUuo-RkGmYwMfdckVS1YSig45llqcDConY_0PJixjIalv6Pd97s0xoefgXcbnDc9tDu7y9KXK996Z2A&amp;entry=mc&amp;ved=1t:200715&amp;ictx=111\" target=\"_blank\" rel=\"noreferrer noopener\">455, rue Court Lachute (Qu\u00e9bec) J8H 1T2<\/a><br><strong><strong>T\u00e9l\u00e9phone<\/strong>:<\/strong> 450 562-2401<\/p>\n\n\n\n<div class=\"wp-block-buttons is-layout-flex wp-block-buttons-is-layout-flex\">\n<div class=\"wp-block-button is-style-text-link-pdf\"><a class=\"wp-block-button__link wp-element-button\" href=\"https:\/\/www.swlauriersb.qc.ca\/wp-content\/uploads\/2020\/12\/SCHOOL_BROCH_Elementary_Laurentian.pdf\" target=\"_blank\" rel=\"noreferrer noopener\">Brochure de l&#8217;\u00e9cole<i class=\"icon-pdf\"><\/i><\/a><\/div>\n<\/div>\n\n\n\n<div class=\"wp-block-buttons is-layout-flex wp-block-buttons-is-layout-flex\">\n<div class=\"wp-block-button is-style-outline\"><a class=\"wp-block-button__link wp-element-button\" href=\"https:\/\/laurentian.swlauriersb.qc.ca\/\" target=\"_blank\" rel=\"noreferrer noopener\">Visiter le site web<i class=\"icon-arrow-left\"><\/i><\/a><\/div>\n<\/div>\n<\/div><\/div>\n\n\n\n<div class=\"wp-block-media-text has-media-on-the-right is-stacked-on-mobile\" style=\"grid-template-columns:auto 25%\"><div class=\"wp-block-media-text__content\">\n<h4 class=\"wp-block-heading has-teal-600-color has-text-color has-link-color wp-elements-d5f8ed935fc3131e1ca768fe97a7d1bf\"><strong>\u00c9cole Primaire<\/strong> <strong>McCaig<\/strong><\/h4>\n\n\n\n<p><strong><strong>Adresse<\/strong>:<\/strong> <a href=\"https:\/\/www.google.com\/maps\/place\/McCaig+Elementary+School\/@45.6476865,-73.7917179,17z\/data=!3m1!4b1!4m6!3m5!1s0x4cc9277680338675:0xa585ea719afb0e30!8m2!3d45.6476865!4d-73.789143!16s%2Fg%2F1tf5dc50?entry=ttu&amp;g_ep=EgoyMDI0MTExMC4wIKXMDSoASAFQAw%3D%3D\" target=\"_blank\" rel=\"noreferrer noopener\">501, rue Northcote Rosem\u00e8re (Qu\u00e9bec) J7A 1Y1<\/a><br><strong><strong>T\u00e9l\u00e9phone<\/strong>:<\/strong> 450 621-6111<\/p>\n\n\n\n<div class=\"wp-block-buttons is-layout-flex wp-block-buttons-is-layout-flex\">\n<div class=\"wp-block-button is-style-text-link-pdf\"><a class=\"wp-block-button__link wp-element-button\" href=\"https:\/\/www.swlauriersb.qc.ca\/wp-content\/uploads\/2020\/12\/SCHOOL_BROCH_Elementary_McCaig.pdf\" target=\"_blank\" rel=\"noreferrer noopener\">Brochure de l&#8217;\u00e9cole<i class=\"icon-pdf\"><\/i><\/a><\/div>\n<\/div>\n\n\n\n<div class=\"wp-block-buttons is-layout-flex wp-block-buttons-is-layout-flex\">\n<div class=\"wp-block-button is-style-outline\"><a class=\"wp-block-button__link wp-element-button\" href=\"https:\/\/mccaig.swlauriersb.qc.ca\/\" target=\"_blank\" rel=\"noreferrer noopener\">Visiter le site web<i class=\"icon-arrow-left\"><\/i><\/a><\/div>\n<\/div>\n<\/div><figure class=\"wp-block-media-text__media\"><img loading=\"lazy\" decoding=\"async\" width=\"1024\" height=\"576\" src=\"http:\/\/isp.swlauriersb.vortexdev.com\/wp-content\/uploads\/sites\/41\/2024\/11\/McCaig-1024x576.jpg\" alt=\"\" class=\"wp-image-2603 size-full\" srcset=\"https:\/\/isp.swlauriersb.vortexdev.com\/wp-content\/uploads\/sites\/41\/2024\/11\/McCaig-1024x576.jpg 1024w, https:\/\/isp.swlauriersb.vortexdev.com\/wp-content\/uploads\/sites\/41\/2024\/11\/McCaig-300x169.jpg 300w, https:\/\/isp.swlauriersb.vortexdev.com\/wp-content\/uploads\/sites\/41\/2024\/11\/McCaig-768x432.jpg 768w, https:\/\/isp.swlauriersb.vortexdev.com\/wp-content\/uploads\/sites\/41\/2024\/11\/McCaig-1536x864.jpg 1536w, https:\/\/isp.swlauriersb.vortexdev.com\/wp-content\/uploads\/sites\/41\/2024\/11\/McCaig-2048x1152.jpg 2048w\" sizes=\"(max-width: 1024px) 100vw, 1024px\" \/><\/figure><\/div>\n\n\n\n<div class=\"wp-block-media-text is-stacked-on-mobile\" style=\"grid-template-columns:25% auto\"><figure class=\"wp-block-media-text__media\"><img loading=\"lazy\" decoding=\"async\" width=\"1024\" height=\"768\" src=\"http:\/\/isp.swlauriersb.vortexdev.com\/wp-content\/uploads\/sites\/41\/2024\/11\/Mountainview-Elem-1024x768.jpg\" alt=\"\" class=\"wp-image-2605 size-full\" srcset=\"https:\/\/isp.swlauriersb.vortexdev.com\/wp-content\/uploads\/sites\/41\/2024\/11\/Mountainview-Elem-1024x768.jpg 1024w, https:\/\/isp.swlauriersb.vortexdev.com\/wp-content\/uploads\/sites\/41\/2024\/11\/Mountainview-Elem-300x225.jpg 300w, https:\/\/isp.swlauriersb.vortexdev.com\/wp-content\/uploads\/sites\/41\/2024\/11\/Mountainview-Elem-768x576.jpg 768w, https:\/\/isp.swlauriersb.vortexdev.com\/wp-content\/uploads\/sites\/41\/2024\/11\/Mountainview-Elem-1536x1152.jpg 1536w, https:\/\/isp.swlauriersb.vortexdev.com\/wp-content\/uploads\/sites\/41\/2024\/11\/Mountainview-Elem.jpg 2000w\" sizes=\"(max-width: 1024px) 100vw, 1024px\" \/><\/figure><div class=\"wp-block-media-text__content\">\n<h4 class=\"wp-block-heading has-teal-600-color has-text-color has-link-color wp-elements-b8a8a0a19ca42d647aaba6a6b944d887\"><strong>\u00c9cole Primaire<\/strong> <strong>Mountainview<\/strong><\/h4>\n\n\n\n<p><strong><strong>Adresse<\/strong>:<\/strong> <a href=\"https:\/\/www.google.com\/maps?safe=active&amp;sca_esv=ae093cb415ffb20d&amp;rlz=1C1GCEA_enCA1132CA1132&amp;biw=1920&amp;bih=911&amp;output=search&amp;q=Mountainview+Elementary+School&amp;source=lnms&amp;fbs=AEQNm0Aa4sjWe7Rqy32pFwRj0UkWd8nbOJfsBGGB5IQQO6L3J3ppPdoHI1O-XvbXbpNjYYwWUVH6qTfR1Lpek5F-7GS5G77zCDGUiyO9thp-XYOUMbcFKhVjBmWiBjrk_CeO5FeR902XjlfKme9IUuo-RkGmYwMfdckVS1YSig45llqcDConY_0PJixjIalv6Pd97s0xoefgXcbnDc9tDu7y9KXK996Z2A&amp;entry=mc&amp;ved=1t:200715&amp;ictx=111\" target=\"_blank\" rel=\"noreferrer noopener\">2001, rue Guy Deux-Montagnes (Qu\u00e9bec) J7R 1W6<\/a><br><strong><strong>T\u00e9l\u00e9phone<\/strong>:<\/strong> 450 621-7780<\/p>\n\n\n\n<div class=\"wp-block-buttons is-layout-flex wp-block-buttons-is-layout-flex\">\n<div class=\"wp-block-button is-style-outline\"><a class=\"wp-block-button__link has-text-align-right wp-element-button\" href=\"https:\/\/mountainview.swlauriersb.qc.ca\/\" target=\"_blank\" rel=\"noreferrer noopener\">Visiter le site web<i class=\"icon-arrow-left\"><\/i><\/a><\/div>\n<\/div>\n<\/div><\/div>\n\n\n\n<div class=\"wp-block-media-text has-media-on-the-right is-stacked-on-mobile\" style=\"grid-template-columns:auto 25%\"><div class=\"wp-block-media-text__content\">\n<h4 class=\"wp-block-heading has-teal-600-color has-text-color has-link-color wp-elements-2fa310188a355d4417170f1193d0d988\"><strong>\u00c9cole Primaire<\/strong> <strong>Our Lady of Peace<\/strong><\/h4>\n\n\n\n<p><strong>Adresse<\/strong>: <a href=\"https:\/\/www.google.com\/maps?safe=active&amp;sca_esv=ae093cb415ffb20d&amp;rlz=1C1GCEA_enCA1132CA1132&amp;biw=1920&amp;bih=911&amp;output=search&amp;q=Our+Lady+of+Peace+Elementary+School&amp;source=lnms&amp;fbs=AEQNm0Aa4sjWe7Rqy32pFwRj0UkWd8nbOJfsBGGB5IQQO6L3J3ppPdoHI1O-XvbXbpNjYYwWUVH6qTfR1Lpek5F-7GS5G77zCDGUiyO9thp-XYOUMbcFKhVjBmWiBjrk_CeO5FeR902XjlfKme9IUuo-RkGmYwMfdckVS1YSig45llqcDConY_0PJixjIalv6Pd97s0xoefgXcbnDc9tDu7y9KXK996Z2A&amp;entry=mc&amp;ved=1t:200715&amp;ictx=111\" target=\"_blank\" rel=\"noreferrer noopener\">3900, rue Nicole Laval (Qu\u00e9bec) H7P 1L5<\/a><br><strong>T\u00e9l\u00e9phone<\/strong>: 450 680-3031<\/p>\n\n\n\n<div class=\"wp-block-buttons is-layout-flex wp-block-buttons-is-layout-flex\">\n<div class=\"wp-block-button is-style-outline\"><a class=\"wp-block-button__link wp-element-button\" href=\"https:\/\/olp.swlauriersb.qc.ca\/\" target=\"_blank\" rel=\"noreferrer noopener\">Visiter le site web<i class=\"icon-arrow-left\"><\/i><\/a><\/div>\n<\/div>\n<\/div><figure class=\"wp-block-media-text__media\"><img loading=\"lazy\" decoding=\"async\" width=\"1024\" height=\"768\" src=\"http:\/\/isp.swlauriersb.vortexdev.com\/wp-content\/uploads\/sites\/41\/2024\/11\/OLOP-1024x768.jpg\" alt=\"\" class=\"wp-image-2716 size-full\" srcset=\"https:\/\/isp.swlauriersb.vortexdev.com\/wp-content\/uploads\/sites\/41\/2024\/11\/OLOP-1024x768.jpg 1024w, https:\/\/isp.swlauriersb.vortexdev.com\/wp-content\/uploads\/sites\/41\/2024\/11\/OLOP-300x225.jpg 300w, https:\/\/isp.swlauriersb.vortexdev.com\/wp-content\/uploads\/sites\/41\/2024\/11\/OLOP-768x576.jpg 768w, https:\/\/isp.swlauriersb.vortexdev.com\/wp-content\/uploads\/sites\/41\/2024\/11\/OLOP-1536x1152.jpg 1536w, https:\/\/isp.swlauriersb.vortexdev.com\/wp-content\/uploads\/sites\/41\/2024\/11\/OLOP.jpg 2000w\" sizes=\"(max-width: 1024px) 100vw, 1024px\" \/><\/figure><\/div>\n\n\n\n<div class=\"wp-block-media-text is-stacked-on-mobile\" style=\"grid-template-columns:25% auto\"><figure class=\"wp-block-media-text__media\"><img loading=\"lazy\" decoding=\"async\" width=\"1024\" height=\"768\" src=\"https:\/\/isp.swlauriersb.vortexdev.com\/wp-content\/uploads\/sites\/41\/2024\/11\/PETES-1024x768.jpg\" alt=\"\" class=\"wp-image-2676 size-full\" srcset=\"https:\/\/isp.swlauriersb.vortexdev.com\/wp-content\/uploads\/sites\/41\/2024\/11\/PETES-1024x768.jpg 1024w, https:\/\/isp.swlauriersb.vortexdev.com\/wp-content\/uploads\/sites\/41\/2024\/11\/PETES-300x225.jpg 300w, https:\/\/isp.swlauriersb.vortexdev.com\/wp-content\/uploads\/sites\/41\/2024\/11\/PETES-768x576.jpg 768w, https:\/\/isp.swlauriersb.vortexdev.com\/wp-content\/uploads\/sites\/41\/2024\/11\/PETES-1536x1152.jpg 1536w, https:\/\/isp.swlauriersb.vortexdev.com\/wp-content\/uploads\/sites\/41\/2024\/11\/PETES-2048x1536.jpg 2048w\" sizes=\"(max-width: 1024px) 100vw, 1024px\" \/><\/figure><div class=\"wp-block-media-text__content\">\n<h4 class=\"wp-block-heading has-teal-600-color has-text-color has-link-color wp-elements-a7137512616fbd42ded02b15a04991ad\"><strong>\u00c9cole Primaire<\/strong> <strong>Pierre-Elliot-Trudeau<\/strong><\/h4>\n\n\n\n<p><strong><strong>Adresse<\/strong>: <\/strong><a href=\"https:\/\/www.google.com\/maps\/search\/Pierre+Elliott+Trudeau+Elementary+School\/@45.5527165,-74.1421817,10z?entry=ttu&amp;g_ep=EgoyMDI0MTExMC4wIKXMDSoASAFQAw%3D%3D\" target=\"_blank\" rel=\"noreferrer noopener\">1455, rue Jean-Paul-Riopelle Blainville (Qu\u00e9bec) J7C 5V4<\/a><br><strong><strong>T\u00e9l\u00e9phone<\/strong>:<\/strong> 450 621-7606<\/p>\n\n\n\n<div class=\"wp-block-columns is-layout-flex wp-container-core-columns-is-layout-1 wp-block-columns-is-layout-flex\">\n<div class=\"wp-block-column is-layout-flow wp-block-column-is-layout-flow\">\n<div class=\"wp-block-buttons is-layout-flex wp-block-buttons-is-layout-flex\">\n<div class=\"wp-block-button is-style-outline\"><a class=\"wp-block-button__link wp-element-button\" href=\"https:\/\/petes.swlauriersb.qc.ca\/\" target=\"_blank\" rel=\"noreferrer noopener\">Visiter le site web<i class=\"icon-arrow-left\"><\/i><\/a><\/div>\n<\/div>\n<\/div>\n\n\n\n<div class=\"wp-block-column is-vertically-aligned-center is-layout-flow wp-block-column-is-layout-flow\">\n<div class=\"wp-block-buttons is-horizontal is-content-justification-left is-layout-flex wp-container-core-buttons-is-layout-11 wp-block-buttons-is-layout-flex\">\n<div class=\"wp-block-button is-style-text-link-arrow\"><a class=\"wp-block-button__link wp-element-button\" href=\"http:\/\/www9.swlauriersb.qc.ca\/virtual\/pet\/\" target=\"_blank\" rel=\"noreferrer noopener\">Tour Virtuel<i class=\"icon-arrow-left\"><\/i><\/a><\/div>\n<\/div>\n<\/div>\n<\/div>\n<\/div><\/div>\n\n\n\n<div class=\"wp-block-media-text has-media-on-the-right is-stacked-on-mobile\" style=\"grid-template-columns:auto 25%\"><div class=\"wp-block-media-text__content\">\n<h4 class=\"wp-block-heading has-teal-600-color has-text-color has-link-color wp-elements-0a604af51b21ceba23696225f28fa4aa\"><strong>Acad\u00e9mie de Sainte-Agathe<\/strong><\/h4>\n\n\n\n<p><strong><strong>Adresse<\/strong>: <\/strong>26, rue Napol\u00e9on Sainte-Agathe-des-Monts (Qu\u00e9bec) J8C 1Z3<br><strong><strong>T\u00e9l\u00e9phone<\/strong>:<\/strong> 819 326-2563<\/p>\n\n\n\n<div class=\"wp-block-buttons is-layout-flex wp-block-buttons-is-layout-flex\">\n<div class=\"wp-block-button is-style-outline\"><a class=\"wp-block-button__link wp-element-button\" href=\"https:\/\/saa.swlauriersb.qc.ca\/\" target=\"_blank\" rel=\"noreferrer noopener\">Visiter le site web<i class=\"icon-arrow-left\"><\/i><\/a><\/div>\n<\/div>\n<\/div><figure class=\"wp-block-media-text__media\"><img loading=\"lazy\" decoding=\"async\" width=\"600\" height=\"450\" src=\"http:\/\/isp.swlauriersb.vortexdev.com\/wp-content\/uploads\/sites\/41\/2024\/11\/pic_secondary_sainte-agathe-academy.jpg\" alt=\"\" class=\"wp-image-2714 size-full\" srcset=\"https:\/\/isp.swlauriersb.vortexdev.com\/wp-content\/uploads\/sites\/41\/2024\/11\/pic_secondary_sainte-agathe-academy.jpg 600w, https:\/\/isp.swlauriersb.vortexdev.com\/wp-content\/uploads\/sites\/41\/2024\/11\/pic_secondary_sainte-agathe-academy-300x225.jpg 300w\" sizes=\"(max-width: 600px) 100vw, 600px\" \/><\/figure><\/div>\n\n\n\n<div class=\"wp-block-media-text is-stacked-on-mobile\" style=\"grid-template-columns:25% auto\"><figure class=\"wp-block-media-text__media\"><img loading=\"lazy\" decoding=\"async\" width=\"1024\" height=\"768\" src=\"http:\/\/isp.swlauriersb.vortexdev.com\/wp-content\/uploads\/sites\/41\/2024\/11\/Terry-Fox-1024x768.jpg\" alt=\"\" class=\"wp-image-2614 size-full\" srcset=\"https:\/\/isp.swlauriersb.vortexdev.com\/wp-content\/uploads\/sites\/41\/2024\/11\/Terry-Fox-1024x768.jpg 1024w, https:\/\/isp.swlauriersb.vortexdev.com\/wp-content\/uploads\/sites\/41\/2024\/11\/Terry-Fox-300x225.jpg 300w, https:\/\/isp.swlauriersb.vortexdev.com\/wp-content\/uploads\/sites\/41\/2024\/11\/Terry-Fox-768x576.jpg 768w, https:\/\/isp.swlauriersb.vortexdev.com\/wp-content\/uploads\/sites\/41\/2024\/11\/Terry-Fox-1536x1152.jpg 1536w, https:\/\/isp.swlauriersb.vortexdev.com\/wp-content\/uploads\/sites\/41\/2024\/11\/Terry-Fox-2048x1536.jpg 2048w\" sizes=\"(max-width: 1024px) 100vw, 1024px\" \/><\/figure><div class=\"wp-block-media-text__content\">\n<h4 class=\"wp-block-heading has-teal-600-color has-text-color has-link-color wp-elements-e5abde5179c12ac6c37ca6865b7c219e\"><strong>\u00c9cole Primaire<\/strong> <strong>Terry-Fox<\/strong><\/h4>\n\n\n\n<p><strong><strong>Adresse<\/strong>: <\/strong><a href=\"https:\/\/www.google.com\/maps?safe=active&amp;sca_esv=ae093cb415ffb20d&amp;rlz=1C1GCEA_enCA1132CA1132&amp;biw=1920&amp;bih=911&amp;output=search&amp;q=Terry+Fox+Elementary+School&amp;source=lnms&amp;fbs=AEQNm0Aa4sjWe7Rqy32pFwRj0UkWd8nbOJfsBGGB5IQQO6L3J3ppPdoHI1O-XvbXbpNjYYwWUVH6qTfR1Lpek5F-7GS5G77zCDGUiyO9thp-XYOUMbcFKhVjBmWiBjrk_CeO5FeR902XjlfKme9IUuo-RkGmYwMfdckVS1YSig45llqcDConY_0PJixjIalv6Pd97s0xoefgXcbnDc9tDu7y9KXK996Z2A&amp;entry=mc&amp;ved=1t:200715&amp;ictx=111\" target=\"_blank\" rel=\"noreferrer noopener\">900, avenue des Lacasse Laval (Qu\u00e9bec) H7K 3V9<\/a><br><strong><strong>T\u00e9l\u00e9phone<\/strong>:<\/strong> 450 680-3040<\/p>\n\n\n\n<div class=\"wp-block-buttons is-layout-flex wp-block-buttons-is-layout-flex\">\n<div class=\"wp-block-button is-style-text-link-pdf\"><a class=\"wp-block-button__link wp-element-button\" href=\"https:\/\/www.swlauriersb.qc.ca\/wp-content\/uploads\/2023\/01\/Terry-Fox-3-fold-2023.pdf\" target=\"_blank\" rel=\"noreferrer noopener\">Brochure de l&#8217;\u00e9cole<i class=\"icon-pdf\"><\/i><\/a><\/div>\n<\/div>\n\n\n\n<div class=\"wp-block-buttons is-layout-flex wp-block-buttons-is-layout-flex\">\n<div class=\"wp-block-button is-style-outline\"><a class=\"wp-block-button__link wp-element-button\" href=\"https:\/\/terryfox.swlauriersb.qc.ca\/\" target=\"_blank\" rel=\"noreferrer noopener\">Visiter le site web<i class=\"icon-arrow-left\"><\/i><\/a><\/div>\n<\/div>\n<\/div><\/div>\n\n\n\n<div class=\"wp-block-media-text has-media-on-the-right is-stacked-on-mobile\" style=\"grid-template-columns:auto 25%\"><div class=\"wp-block-media-text__content\">\n<h4 class=\"wp-block-heading has-teal-600-color has-text-color has-link-color wp-elements-88b866d7a69cf5d20a2f1bcebfb7d497\"><strong>\u00c9cole Primaire<\/strong> <strong>Twin Oaks<\/strong><\/h4>\n\n\n\n<p><strong><strong>Adresse<\/strong>: <\/strong><a href=\"https:\/\/www.google.com\/maps?safe=active&amp;sca_esv=ae093cb415ffb20d&amp;rlz=1C1GCEA_enCA1132CA1132&amp;biw=1920&amp;bih=911&amp;output=search&amp;q=Twin+Oaks+Elementary+School&amp;source=lnms&amp;fbs=AEQNm0Aa4sjWe7Rqy32pFwRj0UkWd8nbOJfsBGGB5IQQO6L3J3ppPdoHI1O-XvbXbpNjYYwWUVH6qTfR1Lpek5F-7GS5G77zCDGUiyO9thp-XYOUMbcFKhVjBmWiBjrk_CeO5FeR902XjlfKme9IUuo-RkGmYwMfdckVS1YSig45llqcDConY_0PJixjIalv6Pd97s0xoefgXcbnDc9tDu7y9KXK996Z2A&amp;entry=mc&amp;ved=1t:200715&amp;ictx=111\" target=\"_blank\" rel=\"noreferrer noopener\">700, rue Lisane Laval (Qu\u00e9bec) H7P 3T2<\/a><br><strong><strong>T\u00e9l\u00e9phone<\/strong>: <\/strong>450 680-3045<\/p>\n\n\n\n<div class=\"wp-block-buttons is-layout-flex wp-block-buttons-is-layout-flex\">\n<div class=\"wp-block-button is-style-text-link-pdf\"><a class=\"wp-block-button__link wp-element-button\" href=\"https:\/\/www.swlauriersb.qc.ca\/wp-content\/uploads\/2020\/12\/SCHOOL_BROCH_Elementary_TWIN_OAKS.pdf\" target=\"_blank\" rel=\"noreferrer noopener\">Brochure de l&#8217;\u00e9cole<i class=\"icon-pdf\"><\/i><\/a><\/div>\n<\/div>\n\n\n\n<div class=\"wp-block-columns is-layout-flex wp-container-core-columns-is-layout-2 wp-block-columns-is-layout-flex\">\n<div class=\"wp-block-column is-layout-flow wp-block-column-is-layout-flow\">\n<div class=\"wp-block-buttons is-layout-flex wp-block-buttons-is-layout-flex\">\n<div class=\"wp-block-button is-style-outline\"><a class=\"wp-block-button__link wp-element-button\" href=\"https:\/\/twinoaks.swlauriersb.qc.ca\/\" target=\"_blank\" rel=\"noreferrer noopener\">Visiter le site web<i class=\"icon-arrow-left\"><\/i><\/a><\/div>\n<\/div>\n<\/div>\n\n\n\n<div class=\"wp-block-column is-vertically-aligned-center is-layout-flow wp-block-column-is-layout-flow\">\n<div class=\"wp-block-buttons is-layout-flex wp-block-buttons-is-layout-flex\">\n<div class=\"wp-block-button is-style-text-link-arrow\"><a class=\"wp-block-button__link wp-element-button\" href=\"http:\/\/www9.swlauriersb.qc.ca\/virtual\/to\/\" target=\"_blank\" rel=\"noreferrer noopener\">Tour Virtuel<i class=\"icon-arrow-left\"><\/i><\/a><\/div>\n<\/div>\n<\/div>\n<\/div>\n<\/div><figure class=\"wp-block-media-text__media\"><img loading=\"lazy\" decoding=\"async\" width=\"1024\" height=\"768\" src=\"http:\/\/isp.swlauriersb.vortexdev.com\/wp-content\/uploads\/sites\/41\/2024\/11\/Twin-Oaks-1024x768.jpg\" alt=\"\" class=\"wp-image-2618 size-full\" srcset=\"https:\/\/isp.swlauriersb.vortexdev.com\/wp-content\/uploads\/sites\/41\/2024\/11\/Twin-Oaks-1024x768.jpg 1024w, https:\/\/isp.swlauriersb.vortexdev.com\/wp-content\/uploads\/sites\/41\/2024\/11\/Twin-Oaks-300x225.jpg 300w, https:\/\/isp.swlauriersb.vortexdev.com\/wp-content\/uploads\/sites\/41\/2024\/11\/Twin-Oaks-768x576.jpg 768w, https:\/\/isp.swlauriersb.vortexdev.com\/wp-content\/uploads\/sites\/41\/2024\/11\/Twin-Oaks-1536x1152.jpg 1536w, https:\/\/isp.swlauriersb.vortexdev.com\/wp-content\/uploads\/sites\/41\/2024\/11\/Twin-Oaks.jpg 2000w\" sizes=\"(max-width: 1024px) 100vw, 1024px\" \/><\/figure><\/div>\n\n\n\n<div class=\"wp-block-buttons is-layout-flex wp-block-buttons-is-layout-flex\">\n<div class=\"wp-block-button\"><a class=\"wp-block-button__link wp-element-button\" href=\"https:\/\/www.swlauriersb.qc.ca\/en\/schools\/our-schools\/\" target=\"_blank\" rel=\"noreferrer noopener\">Voir plus d&#8217;\u00e9coles<i class=\"icon-arrow-left\"><\/i><\/a><\/div>\n<\/div>\n","protected":false},"excerpt":{"rendered":"","protected":false},"author":94,"featured_media":0,"parent":2988,"menu_order":0,"comment_status":"closed","ping_status":"closed","template":"","meta":{"_acf_changed":false,"_relevanssi_hide_post":"","_relevanssi_hide_content":"","_relevanssi_pin_for_all":"","_relevanssi_pin_keywords":"","_relevanssi_unpin_keywords":"","_relevanssi_related_keywords":"","_relevanssi_related_include_ids":"","_relevanssi_related_exclude_ids":"","_relevanssi_related_no_append":"","_relevanssi_related_not_related":"","_relevanssi_related_posts":"2328","_relevanssi_noindex_reason":"","footnotes":""},"acf":[],"_links":{"self":[{"href":"https:\/\/isp.swlauriersb.vortexdev.com\/fr\/wp-json\/wp\/v2\/pages\/2972"}],"collection":[{"href":"https:\/\/isp.swlauriersb.vortexdev.com\/fr\/wp-json\/wp\/v2\/pages"}],"about":[{"href":"https:\/\/isp.swlauriersb.vortexdev.com\/fr\/wp-json\/wp\/v2\/types\/page"}],"author":[{"embeddable":true,"href":"https:\/\/isp.swlauriersb.vortexdev.com\/fr\/wp-json\/wp\/v2\/users\/94"}],"replies":[{"embeddable":true,"href":"https:\/\/isp.swlauriersb.vortexdev.com\/fr\/wp-json\/wp\/v2\/comments?post=2972"}],"version-history":[{"count":4,"href":"https:\/\/isp.swlauriersb.vortexdev.com\/fr\/wp-json\/wp\/v2\/pages\/2972\/revisions"}],"predecessor-version":[{"id":3071,"href":"https:\/\/isp.swlauriersb.vortexdev.com\/fr\/wp-json\/wp\/v2\/pages\/2972\/revisions\/3071"}],"up":[{"embeddable":true,"href":"https:\/\/isp.swlauriersb.vortexdev.com\/fr\/wp-json\/wp\/v2\/pages\/2988"}],"wp:attachment":[{"href":"https:\/\/isp.swlauriersb.vortexdev.com\/fr\/wp-json\/wp\/v2\/media?parent=2972"}],"curies":[{"name":"wp","href":"https:\/\/api.w.org\/{rel}","templated":true}]}}