{"id":2974,"date":"2024-11-01T10:55:49","date_gmt":"2024-11-01T14:55:49","guid":{"rendered":"https:\/\/isp.swlauriersb.vortexdev.com\/secondary-schools\/"},"modified":"2024-12-11T11:24:26","modified_gmt":"2024-12-11T16:24:26","slug":"ecole-secondaire","status":"publish","type":"page","link":"https:\/\/isp.swlauriersb.vortexdev.com\/fr\/jeunesse\/ecole-secondaire\/","title":{"rendered":"\u00c9cole Secondaire"},"content":{"rendered":"\n<div class=\"wp-block-media-text is-stacked-on-mobile is-vertically-aligned-center\" style=\"grid-template-columns:25% auto\"><figure class=\"wp-block-media-text__media\"><img loading=\"lazy\" decoding=\"async\" width=\"680\" height=\"281\" src=\"http:\/\/isp.swlauriersb.vortexdev.com\/wp-content\/uploads\/sites\/41\/2024\/11\/Lake-of-Two-Mountains-High.jpg\" alt=\"\" class=\"wp-image-2518 size-full\" srcset=\"https:\/\/isp.swlauriersb.vortexdev.com\/wp-content\/uploads\/sites\/41\/2024\/11\/Lake-of-Two-Mountains-High.jpg 680w, https:\/\/isp.swlauriersb.vortexdev.com\/wp-content\/uploads\/sites\/41\/2024\/11\/Lake-of-Two-Mountains-High-300x124.jpg 300w\" sizes=\"(max-width: 680px) 100vw, 680px\" \/><\/figure><div class=\"wp-block-media-text__content\">\n<h4 class=\"wp-block-heading has-teal-600-color has-text-color has-link-color wp-elements-9ff42d00afe1c02c2448ff66e8d05737\"><strong>\u00c9cole Secondaire Lake of Two Mountains<\/strong><\/h4>\n\n\n\n<p>\u00c9cole secondaire situ\u00e9e dans un quartier r\u00e9sidentiel au nord-ouest de Laval et \u00e0 environ 30 kilom\u00e8tres de Montr\u00e9al. Un r\u00e9seau de partenariats et de collaborations am\u00e9liore l\u2019exp\u00e9rience \u00e9ducative en offrant aux \u00e9l\u00e8ves des occasions d\u2019engagement communautaire, de mentorat et d\u2019exp\u00e9riences concr\u00e8tes.<\/p>\n\n\n\n<p>Adresse:&nbsp;<a href=\"https:\/\/www.google.com\/search?safe=active&amp;sca_esv=9eb8dca6e64fc04b&amp;rlz=1C1GCEB_enCA1052CA1052&amp;q=lake+of+two+mountains+high+school+address&amp;ludocid=13484960275638386778&amp;sa=X&amp;ved=2ahUKEwjvwPm-ruiGAxVtFFkFHZkpDQAQ6BN6BAghEAI\" target=\"_blank\" rel=\"noreferrer noopener\">2105 Rue Guy, Deux-Montagnes, QC J7R 1W6<\/a><br>T\u00e9l\u00e9phone:&nbsp;(450) 621-7830<\/p>\n\n\n\n<div class=\"wp-block-buttons is-layout-flex wp-block-buttons-is-layout-flex\">\n<div class=\"wp-block-button is-style-text-link-pdf\"><a class=\"wp-block-button__link wp-element-button\" href=\"http:\/\/isp.swlauriersb.vortexdev.com\/wp-content\/uploads\/sites\/41\/2024\/11\/Lake-of-Two-Mountains-2023_compressed.pdf\" target=\"_blank\" rel=\"noreferrer noopener\">Brochure de l&#8217;\u00e9cole<i class=\"icon-pdf\"><\/i><\/a><\/div>\n<\/div>\n\n\n\n<div class=\"wp-block-buttons is-layout-flex wp-block-buttons-is-layout-flex\">\n<div class=\"wp-block-button is-style-outline\"><a class=\"wp-block-button__link wp-element-button\" href=\"https:\/\/ltmhs.swlauriersb.qc.ca\/\" target=\"_blank\" rel=\"noreferrer noopener\">Visiter le site web<i class=\"icon-arrow-left\"><\/i><\/a><\/div>\n<\/div>\n<\/div><\/div>\n\n\n\n<div class=\"wp-block-media-text has-media-on-the-right is-stacked-on-mobile is-vertically-aligned-center\" style=\"grid-template-columns:auto 25%\"><div class=\"wp-block-media-text__content\">\n<div class=\"wp-block-group is-layout-constrained wp-block-group-is-layout-constrained\">\n<h4 class=\"wp-block-heading alignfull has-teal-600-color has-text-color has-link-color wp-elements-e74ea97f04098ba1b80fcd671cc3e77c\"><strong>\u00c9cole Secondaire Laval Junior<\/strong><\/h4>\n\n\n\n<p class=\"has-text-align-left\">\u00c9cole secondaire situ\u00e9e \u00e0 Laval, la plus grande banlieue de Montr\u00e9al. Programmes de concentration sont offerts comme les arts, le soccer, le hockey, les sciences, l\u2019\u00e9ducation physique et le leadership en \u00e9ducation et le basketball.<\/p>\n\n\n\n<p>Adresse: <a href=\"https:\/\/www.google.com\/maps\/place\/Laval+Junior+Academy\/@45.5640015,-73.7527687,17z\/data=!3m1!4b1!4m6!3m5!1s0x4cc923b22e1c4a73:0x2aa8c083d780109c!8m2!3d45.5640015!4d-73.7501938!16s%2Fg%2F11b5wmr73n?entry=ttu&amp;g_ep=EgoyMDI0MTEwNi4wIKXMDSoASAFQAw%3D%3D\" target=\"_blank\" rel=\"noreferrer noopener\">2323 Bd Daniel-Johnson, Laval, QC H7T 1H8<\/a><br>T\u00e9l\u00e9phone: (450) 680-3044<\/p>\n\n\n\n<div class=\"wp-block-buttons is-layout-flex wp-block-buttons-is-layout-flex\">\n<div class=\"wp-block-button is-style-text-link-pdf\"><a class=\"wp-block-button__link wp-element-button\" href=\"https:\/\/isp.swlauriersb.vortexdev.com\/wp-content\/uploads\/sites\/41\/2024\/02\/Laval-Junior-Academy-2023_compressed.pdf\" target=\"_blank\" rel=\"noreferrer noopener\">Brochure de l&#8217;\u00e9cole<i class=\"icon-pdf\"><\/i><\/a><\/div>\n<\/div>\n<\/div>\n\n\n\n<div class=\"wp-block-buttons is-layout-flex wp-block-buttons-is-layout-flex\">\n<div class=\"wp-block-button is-style-outline\"><a class=\"wp-block-button__link wp-element-button\" href=\"https:\/\/lavaljunior.com\/en\/\" target=\"_blank\" rel=\"noreferrer noopener\">Visiter le site web<i class=\"icon-arrow-left\"><\/i><\/a><\/div>\n<\/div>\n<\/div><figure class=\"wp-block-media-text__media\"><img loading=\"lazy\" decoding=\"async\" width=\"1024\" height=\"768\" src=\"http:\/\/isp.swlauriersb.vortexdev.com\/wp-content\/uploads\/sites\/41\/2024\/11\/Laval-Junior-1024x768.jpg\" alt=\"\" class=\"wp-image-2522 size-full\" srcset=\"https:\/\/isp.swlauriersb.vortexdev.com\/wp-content\/uploads\/sites\/41\/2024\/11\/Laval-Junior-1024x768.jpg 1024w, https:\/\/isp.swlauriersb.vortexdev.com\/wp-content\/uploads\/sites\/41\/2024\/11\/Laval-Junior-300x225.jpg 300w, https:\/\/isp.swlauriersb.vortexdev.com\/wp-content\/uploads\/sites\/41\/2024\/11\/Laval-Junior-768x576.jpg 768w, https:\/\/isp.swlauriersb.vortexdev.com\/wp-content\/uploads\/sites\/41\/2024\/11\/Laval-Junior-1536x1152.jpg 1536w, https:\/\/isp.swlauriersb.vortexdev.com\/wp-content\/uploads\/sites\/41\/2024\/11\/Laval-Junior-2048x1536.jpg 2048w\" sizes=\"(max-width: 1024px) 100vw, 1024px\" \/><\/figure><\/div>\n\n\n\n<div class=\"wp-block-media-text is-stacked-on-mobile is-vertically-aligned-center\" style=\"grid-template-columns:25% auto\"><figure class=\"wp-block-media-text__media\"><img loading=\"lazy\" decoding=\"async\" width=\"640\" height=\"427\" src=\"http:\/\/isp.swlauriersb.vortexdev.com\/wp-content\/uploads\/sites\/41\/2024\/11\/lsa__.jpg\" alt=\"\" class=\"wp-image-2513 size-full\" srcset=\"https:\/\/isp.swlauriersb.vortexdev.com\/wp-content\/uploads\/sites\/41\/2024\/11\/lsa__.jpg 640w, https:\/\/isp.swlauriersb.vortexdev.com\/wp-content\/uploads\/sites\/41\/2024\/11\/lsa__-300x200.jpg 300w\" sizes=\"(max-width: 640px) 100vw, 640px\" \/><\/figure><div class=\"wp-block-media-text__content\">\n<h4 class=\"wp-block-heading has-teal-600-color has-text-color has-link-color wp-elements-9dfe0b76db74565cbc16cbd34ecf8645\"><strong>\u00c9cole Secondaire Laval Senior<\/strong><\/h4>\n\n\n\n<p>\u00c9cole secondaire situ\u00e9e \u00e0 Laval, la plus grande banlieue de Montr\u00e9al. Les programmes de concentration sont offerts aux \u00e9tudiants pour qu\u2019ils aient la possibilit\u00e9 de poursuivre leur passion dans les arts ou le sport en s\u2019int\u00e9ressant plus profond\u00e9ment \u00e0 leur domaine d\u2019int\u00e9r\u00eat.<\/p>\n\n\n\n<p>Adresse:&nbsp;<a href=\"https:\/\/www.google.com\/search?safe=active&amp;sca_esv=9eb8dca6e64fc04b&amp;rlz=1C1GCEB_enCA1052CA1052&amp;q=laval+senior+academy+address&amp;ludocid=16845730795264761589&amp;sa=X&amp;ved=2ahUKEwi278K7r-iGAxVWElkFHWryDEIQ6BN6BAgWEAI\" target=\"_blank\" rel=\"noreferrer noopener\">3200 Bd du Souvenir O, Laval, Quebec H7V 1W9<\/a><br>T\u00e9l\u00e9phone:&nbsp;(450) 686-6300<\/p>\n\n\n\n<div class=\"wp-block-buttons is-layout-flex wp-block-buttons-is-layout-flex\">\n<div class=\"wp-block-button is-style-text-link-pdf\"><a class=\"wp-block-button__link wp-element-button\" href=\"https:\/\/isp.swlauriersb.vortexdev.com\/wp-content\/uploads\/sites\/41\/2024\/06\/Laval-Senior-Academy-2023_compressed.pdf\" target=\"_blank\" rel=\"noreferrer noopener\">Brochure de l&#8217;\u00e9cole<i class=\"icon-pdf\"><\/i><\/a><\/div>\n<\/div>\n\n\n\n<div class=\"wp-block-buttons is-layout-flex wp-block-buttons-is-layout-flex\">\n<div class=\"wp-block-button is-style-outline\"><a class=\"wp-block-button__link wp-element-button\" href=\"https:\/\/lsa.swlauriersb.qc.ca\/\" target=\"_blank\" rel=\"noreferrer noopener\">Visiter le site web<i class=\"icon-arrow-left\"><\/i><\/a><\/div>\n<\/div>\n<\/div><\/div>\n\n\n\n<div class=\"wp-block-media-text has-media-on-the-right is-stacked-on-mobile is-vertically-aligned-center\" style=\"grid-template-columns:auto 25%\"><div class=\"wp-block-media-text__content\">\n<h4 class=\"wp-block-heading has-teal-600-color has-text-color has-link-color wp-elements-7e75f3ea9c45a39d2b3a2c98468ce7db\"><strong>\u00c9cole Secondaire de Rosem\u00e8re<\/strong><\/h4>\n\n\n\n<p>\u00c9cole secondaire situ\u00e9e dans un quartier r\u00e9sidentiel au nord de Laval, \u00e0 environ 20 kilom\u00e8tres de Montr\u00e9al. Offre des cours r\u00e9guliers et avanc\u00e9s de fran\u00e7ais, d\u2019anglais et de math\u00e9matiques, de sciences, de leadership, de musique instrumentale et de programmes artistiques complets.<\/p>\n\n\n\n<p>Adresse:&nbsp;<a href=\"https:\/\/www.google.com\/search?safe=active&amp;sca_esv=9eb8dca6e64fc04b&amp;rlz=1C1GCEB_enCA1052CA1052&amp;q=rosemere+high+school+address&amp;ludocid=52227111931631943&amp;sa=X&amp;ved=2ahUKEwjgov3nr-iGAxXwFlkFHfQ8C2wQ6BN6BAgeEAI\" target=\"_blank\" rel=\"noreferrer noopener\">530 Northcote St, Rosem\u00e8re, Quebec J7A 1Y2<\/a><br>T\u00e9l\u00e9phone:&nbsp;(450) 621-5900<\/p>\n\n\n\n<div class=\"wp-block-columns is-layout-flex wp-container-core-columns-is-layout-1 wp-block-columns-is-layout-flex\">\n<div class=\"wp-block-column is-layout-flow wp-block-column-is-layout-flow\">\n<div class=\"wp-block-buttons is-layout-flex wp-block-buttons-is-layout-flex\">\n<div class=\"wp-block-button is-style-text-link-pdf\"><a class=\"wp-block-button__link wp-element-button\" href=\"https:\/\/isp.swlauriersb.vortexdev.com\/wp-content\/uploads\/sites\/41\/2024\/02\/Rosemere-High-2023_compressed.pdf\" target=\"_blank\" rel=\"noreferrer noopener\">Brochure de l&#8217;\u00e9cole<i class=\"icon-pdf\"><\/i><\/a><\/div>\n<\/div>\n<\/div>\n\n\n\n<div class=\"wp-block-column is-layout-flow wp-block-column-is-layout-flow\">\n<div class=\"wp-block-buttons is-layout-flex wp-block-buttons-is-layout-flex\">\n<div class=\"wp-block-button is-style-text-link-arrow\"><a class=\"wp-block-button__link wp-element-button\" href=\"http:\/\/www9.swlauriersb.qc.ca\/virtual\/rhs\/\" target=\"_blank\" rel=\"noreferrer noopener\">Tour Virtuel<i class=\"icon-arrow-left\"><\/i><\/a><\/div>\n<\/div>\n<\/div>\n<\/div>\n\n\n\n<div class=\"wp-block-buttons is-layout-flex wp-block-buttons-is-layout-flex\">\n<div class=\"wp-block-button is-style-outline\"><a class=\"wp-block-button__link wp-element-button\" href=\"https:\/\/rhs.swlauriersb.qc.ca\/\" target=\"_blank\" rel=\"noreferrer noopener\">Visiter le site web<i class=\"icon-arrow-left\"><\/i><\/a><\/div>\n<\/div>\n<\/div><figure class=\"wp-block-media-text__media\"><img loading=\"lazy\" decoding=\"async\" width=\"1024\" height=\"683\" src=\"http:\/\/isp.swlauriersb.vortexdev.com\/wp-content\/uploads\/sites\/41\/2024\/11\/RHS-1024x683.jpg\" alt=\"\" class=\"wp-image-2515 size-full\" srcset=\"https:\/\/isp.swlauriersb.vortexdev.com\/wp-content\/uploads\/sites\/41\/2024\/11\/RHS-1024x683.jpg 1024w, https:\/\/isp.swlauriersb.vortexdev.com\/wp-content\/uploads\/sites\/41\/2024\/11\/RHS-300x200.jpg 300w, https:\/\/isp.swlauriersb.vortexdev.com\/wp-content\/uploads\/sites\/41\/2024\/11\/RHS-768x512.jpg 768w, https:\/\/isp.swlauriersb.vortexdev.com\/wp-content\/uploads\/sites\/41\/2024\/11\/RHS-1536x1024.jpg 1536w, https:\/\/isp.swlauriersb.vortexdev.com\/wp-content\/uploads\/sites\/41\/2024\/11\/RHS-2048x1365.jpg 2048w\" sizes=\"(max-width: 1024px) 100vw, 1024px\" \/><\/figure><\/div>\n\n\n\n<div class=\"wp-block-media-text is-stacked-on-mobile is-vertically-aligned-center\" style=\"grid-template-columns:25% auto\"><figure class=\"wp-block-media-text__media\"><img loading=\"lazy\" decoding=\"async\" width=\"1024\" height=\"768\" src=\"http:\/\/isp.swlauriersb.vortexdev.com\/wp-content\/uploads\/sites\/41\/2024\/11\/SAA-1024x768.jpg\" alt=\"\" class=\"wp-image-2520 size-full\" srcset=\"https:\/\/isp.swlauriersb.vortexdev.com\/wp-content\/uploads\/sites\/41\/2024\/11\/SAA-1024x768.jpg 1024w, https:\/\/isp.swlauriersb.vortexdev.com\/wp-content\/uploads\/sites\/41\/2024\/11\/SAA-300x225.jpg 300w, https:\/\/isp.swlauriersb.vortexdev.com\/wp-content\/uploads\/sites\/41\/2024\/11\/SAA-768x576.jpg 768w, https:\/\/isp.swlauriersb.vortexdev.com\/wp-content\/uploads\/sites\/41\/2024\/11\/SAA-1536x1152.jpg 1536w, https:\/\/isp.swlauriersb.vortexdev.com\/wp-content\/uploads\/sites\/41\/2024\/11\/SAA-2048x1536.jpg 2048w\" sizes=\"(max-width: 1024px) 100vw, 1024px\" \/><\/figure><div class=\"wp-block-media-text__content\">\n<h4 class=\"wp-block-heading alignfull has-teal-600-color has-text-color has-link-color wp-elements-4293202a769336d3cc332257765fa2c6\"><strong>Acad\u00e9mie de Sainte-Agathe<\/strong><\/h4>\n\n\n\n<p class=\"has-text-align-left\">Magnifiquement situ\u00e9e et donnant sur le lac des Sables, l\u2019Acad\u00e9mie Sainte-Agathe b\u00e9n\u00e9ficie des avantages d\u2019\u00eatre dans une petite ville entour\u00e9e par un cadre champ\u00eatre. Tous les \u00e9tudiants sont offerts des cours en anglais, math\u00e9matiques, fran\u00e7ais, sciences et technologie, \u00e9tudes sociales, g\u00e9ographie et histoire, \u00e9thique et culture religieuse, \u00e9ducation physique et arts (arts visuels, th\u00e9\u00e2tre ou musique).<\/p>\n\n\n\n<p>Adresse:&nbsp;<a href=\"https:\/\/www.google.com\/search?safe=active&amp;sca_esv=9eb8dca6e64fc04b&amp;rlz=1C1GCEB_enCA1052CA1052&amp;q=sainte+agathe+academy+address&amp;ludocid=771193925608877960&amp;sa=X&amp;ved=2ahUKEwiL4aebsOiGAxVSFVkFHecyBw4Q6BN6BAgdEAI\" target=\"_blank\" rel=\"noreferrer noopener\">26 Rue Napol\u00e9on, Sainte-Agathe-des-Monts, QC J8C 1Z3<\/a><br>T\u00e9l\u00e9phone:&nbsp;(819) 326-2563<\/p>\n\n\n\n<div class=\"wp-block-buttons is-layout-flex wp-block-buttons-is-layout-flex\">\n<div class=\"wp-block-button is-style-text-link-pdf\"><a class=\"wp-block-button__link wp-element-button\" href=\"https:\/\/isp.swlauriersb.vortexdev.com\/wp-content\/uploads\/sites\/41\/2024\/02\/Sainte-Agathe-Academy-2023_compressed.pdf\" target=\"_blank\" rel=\"noreferrer noopener\">Brochure de l&#8217;\u00e9cole<i class=\"icon-pdf\"><\/i><\/a><\/div>\n<\/div>\n\n\n\n<div class=\"wp-block-buttons is-layout-flex wp-block-buttons-is-layout-flex\">\n<div class=\"wp-block-button is-style-outline\"><a class=\"wp-block-button__link wp-element-button\" href=\"https:\/\/www.facebook.com\/SainteAgatheAcademy\/\" target=\"_blank\" rel=\"noreferrer noopener\">Visiter le site web<i class=\"icon-arrow-left\"><\/i><\/a><\/div>\n<\/div>\n<\/div><\/div>\n\n\n\n<div class=\"wp-block-buttons is-layout-flex wp-block-buttons-is-layout-flex\">\n<div class=\"wp-block-button\"><a class=\"wp-block-button__link wp-element-button\" href=\"https:\/\/www.swlauriersb.qc.ca\/en\/schools\/our-schools\/\" target=\"_blank\" rel=\"noreferrer noopener\">Vous plus d&#8217;\u00e9cole<i class=\"icon-arrow-left\"><\/i><\/a><\/div>\n<\/div>\n","protected":false},"excerpt":{"rendered":"","protected":false},"author":94,"featured_media":0,"parent":2988,"menu_order":0,"comment_status":"closed","ping_status":"closed","template":"","meta":{"_acf_changed":false,"_relevanssi_hide_post":"","_relevanssi_hide_content":"","_relevanssi_pin_for_all":"","_relevanssi_pin_keywords":"","_relevanssi_unpin_keywords":"","_relevanssi_related_keywords":"","_relevanssi_related_include_ids":"","_relevanssi_related_exclude_ids":"","_relevanssi_related_no_append":"","_relevanssi_related_not_related":"","_relevanssi_related_posts":"2328","_relevanssi_noindex_reason":"","footnotes":""},"acf":[],"_links":{"self":[{"href":"https:\/\/isp.swlauriersb.vortexdev.com\/fr\/wp-json\/wp\/v2\/pages\/2974"}],"collection":[{"href":"https:\/\/isp.swlauriersb.vortexdev.com\/fr\/wp-json\/wp\/v2\/pages"}],"about":[{"href":"https:\/\/isp.swlauriersb.vortexdev.com\/fr\/wp-json\/wp\/v2\/types\/page"}],"author":[{"embeddable":true,"href":"https:\/\/isp.swlauriersb.vortexdev.com\/fr\/wp-json\/wp\/v2\/users\/94"}],"replies":[{"embeddable":true,"href":"https:\/\/isp.swlauriersb.vortexdev.com\/fr\/wp-json\/wp\/v2\/comments?post=2974"}],"version-history":[{"count":6,"href":"https:\/\/isp.swlauriersb.vortexdev.com\/fr\/wp-json\/wp\/v2\/pages\/2974\/revisions"}],"predecessor-version":[{"id":3102,"href":"https:\/\/isp.swlauriersb.vortexdev.com\/fr\/wp-json\/wp\/v2\/pages\/2974\/revisions\/3102"}],"up":[{"embeddable":true,"href":"https:\/\/isp.swlauriersb.vortexdev.com\/fr\/wp-json\/wp\/v2\/pages\/2988"}],"wp:attachment":[{"href":"https:\/\/isp.swlauriersb.vortexdev.com\/fr\/wp-json\/wp\/v2\/media?parent=2974"}],"curies":[{"name":"wp","href":"https:\/\/api.w.org\/{rel}","templated":true}]}}