{"id":2979,"date":"2024-10-30T11:18:44","date_gmt":"2024-10-30T15:18:44","guid":{"rendered":"https:\/\/isp.swlauriersb.vortexdev.com\/contact-us\/"},"modified":"2024-12-10T16:52:41","modified_gmt":"2024-12-10T21:52:41","slug":"nous-contacter","status":"publish","type":"page","link":"https:\/\/isp.swlauriersb.vortexdev.com\/fr\/nous-contacter\/","title":{"rendered":"Nous contacter"},"content":{"rendered":"\n<section class=\"contact-info-block theme-block aligndefault\"\n>\n   <div class=\"contact-info-block__columns\">\n\n    <div class=\"contact-info-block__col contact-info-block__col--content\">\n      <h2 class=\"contact-info-block__title\">Coordonn\u00e9es de la commission scolaire<\/h2>\n              <div class=\"address\">\n          <p class=\"widget-title\">Adresse<\/p>\n          <p><p><a href=\"https:\/\/www.google.com\/maps\/place\/235+Mnt+Lesage,+Rosem%C3%A8re,+QC+J7A+4Y6\/@45.6468255,-73.7832862,16z\/data=!3m1!4b1!4m6!3m5!1s0x4cc927747affa9ff:0xbeef09630b0931cb!8m2!3d45.6468255!4d-73.7832862!16s%2Fg%2F11g8nnqgc2?entry=ttu&amp;g_ep=EgoyMDI0MTAyOS4wIKXMDSoASAFQAw%3D%3D\" target=\"_blank\" rel=\"noopener\">235 Mont\u00e9e Lesage<\/a><br \/>\n<a href=\"https:\/\/www.google.com\/maps\/place\/235+Mnt+Lesage,+Rosem%C3%A8re,+QC+J7A+4Y6\/@45.6468255,-73.7832862,16z\/data=!3m1!4b1!4m6!3m5!1s0x4cc927747affa9ff:0xbeef09630b0931cb!8m2!3d45.6468255!4d-73.7832862!16s%2Fg%2F11g8nnqgc2?entry=ttu&amp;g_ep=EgoyMDI0MTAyOS4wIKXMDSoASAFQAw%3D%3D\" target=\"_blank\" rel=\"noopener\">Rosem\u00e8re, QC, J7A 4Y6<\/a><br \/>\n<a href=\"https:\/\/www.google.com\/maps\/place\/235+Mnt+Lesage,+Rosem%C3%A8re,+QC+J7A+4Y6\/@45.6468255,-73.7832862,16z\/data=!3m1!4b1!4m6!3m5!1s0x4cc927747affa9ff:0xbeef09630b0931cb!8m2!3d45.6468255!4d-73.7832862!16s%2Fg%2F11g8nnqgc2?entry=ttu&amp;g_ep=EgoyMDI0MTAyOS4wIKXMDSoASAFQAw%3D%3D\" target=\"_blank\" rel=\"noopener\">Canada<\/a><\/p>\n<p>T: 450 621-5600 Ext. 1225<\/p>\n<\/p>\n                      <p><a href=\"https:\/\/www.google.com\/maps\/dir\/\/235+Mnt+Lesage,+Rosem%C3%A8re,+QC+J7A+4Y6\/@45.6468255,-73.7832862,1538m\/data=!3m1!1e3!4m18!1m8!3m7!1s0x4cc927747affa9ff:0xbeef09630b0931cb!2s235+Mnt+Lesage,+Rosem%C3%A8re,+QC+J7A+4Y6!3b1!8m2!3d45.6468255!4d-73.7832862!16s%2Fg%2F11g8nnqgc2!4m8!1m0!1m5!1m1!1s0x4cc927747affa9ff:0xbeef09630b0931cb!2m2!1d-73.7832862!2d45.6468255!3e3?entry=ttu&amp;g_ep=EgoyMDI0MTIwOC4wIKXMDSoASAFQAw%3D%3D\" target=\"_self\">Itin\u00e9raire<\/a><\/p>\n                  <\/div>\n              <div class=\"social-media\">\n    <p class=\"widget-title\">Restez connect\u00e9<\/p>\n    <div class='social-media-container'>\n              <a href='https:\/\/www.facebook.com\/swlsbistudent\/' class='social-media-button facebook icon-container icon-facebook' target='_blank' title='Visiter notre page Facebook'>\n          <span class='sr-only'>Facebook<\/span>\n        <\/a>\n                <a href='https:\/\/www.youtube.com\/@SWLSB-ISP' class='social-media-button youtube icon-container icon-youtube' target='_blank' title='Visiter notre page YouTube'>\n          <span class='sr-only'>YouTube<\/span>\n        <\/a>\n            <\/div>\n  <\/div>\n      <\/div>\n\n        <div class=\"contact-info-block__col contact-info-block__col--form\">\n      <script type=\"text\/javascript\">var gform;gform||(document.addEventListener(\"gform_main_scripts_loaded\",function(){gform.scriptsLoaded=!0}),window.addEventListener(\"DOMContentLoaded\",function(){gform.domLoaded=!0}),gform={domLoaded:!1,scriptsLoaded:!1,initializeOnLoaded:function(o){gform.domLoaded&&gform.scriptsLoaded?o():!gform.domLoaded&&gform.scriptsLoaded?window.addEventListener(\"DOMContentLoaded\",o):document.addEventListener(\"gform_main_scripts_loaded\",o)},hooks:{action:{},filter:{}},addAction:function(o,n,r,t){gform.addHook(\"action\",o,n,r,t)},addFilter:function(o,n,r,t){gform.addHook(\"filter\",o,n,r,t)},doAction:function(o){gform.doHook(\"action\",o,arguments)},applyFilters:function(o){return gform.doHook(\"filter\",o,arguments)},removeAction:function(o,n){gform.removeHook(\"action\",o,n)},removeFilter:function(o,n,r){gform.removeHook(\"filter\",o,n,r)},addHook:function(o,n,r,t,i){null==gform.hooks[o][n]&&(gform.hooks[o][n]=[]);var e=gform.hooks[o][n];null==i&&(i=n+\"_\"+e.length),gform.hooks[o][n].push({tag:i,callable:r,priority:t=null==t?10:t})},doHook:function(n,o,r){var t;if(r=Array.prototype.slice.call(r,1),null!=gform.hooks[n][o]&&((o=gform.hooks[n][o]).sort(function(o,n){return o.priority-n.priority}),o.forEach(function(o){\"function\"!=typeof(t=o.callable)&&(t=window[t]),\"action\"==n?t.apply(null,r):r[0]=t.apply(null,r)})),\"filter\"==n)return r[0]},removeHook:function(o,n,t,i){var r;null!=gform.hooks[o][n]&&(r=(r=gform.hooks[o][n]).filter(function(o,n,r){return!!(null!=i&&i!=o.tag||null!=t&&t!=o.priority)}),gform.hooks[o][n]=r)}});<\/script>\n                <div class='gf_browser_gecko gform_wrapper gravity-theme gform-theme--no-framework' data-form-theme='gravity-theme' data-form-index='0' id='gform_wrapper_7' style='display:none'><div id='gf_7' class='gform_anchor' tabindex='-1'><\/div>\n                        <div class='gform_heading'>\n\t\t\t\t\t\t\t<p class='gform_required_legend'>\u00ab\u00a0<span class=\"gfield_required gfield_required_asterisk\">*<\/span>\u00a0\u00bb indique les champs n\u00e9cessaires<\/p>\n                        <\/div><form method='post' enctype='multipart\/form-data' target='gform_ajax_frame_7' id='gform_7'  action='\/fr\/wp-json\/wp\/v2\/pages\/2979#gf_7' data-formid='7' novalidate>\n                        <div class='gform-body gform_body'><div id='gform_fields_7' class='gform_fields top_label form_sublabel_above description_above validation_below'><div id=\"field_7_4\" class=\"gfield gfield--type-text gfield--input-type-text gfield--width-half gfield_contains_required field_sublabel_above gfield--no-description field_description_above field_validation_below gfield_visibility_visible gfield--text gfield--text\"  data-field-class=\"gfield--text gfield--text\" data-js-reload=\"field_7_4\" ><label class='gfield_label gform-field-label' for='input_7_4'>Pr\u00e9nom<span class=\"gfield_required\"><span class=\"gfield_required gfield_required_asterisk\">*<\/span><\/span><\/label><div class='ginput_container ginput_container_text'><input name='input_4' id='input_7_4' type='text' value='' class='large'     aria-required=\"true\" aria-invalid=\"false\"   \/> <\/div><\/div><div id=\"field_7_5\" class=\"gfield gfield--type-text gfield--input-type-text gfield--width-half gfield_contains_required field_sublabel_above gfield--no-description field_description_above field_validation_below gfield_visibility_visible gfield--text gfield--text\"  data-field-class=\"gfield--text gfield--text\" data-js-reload=\"field_7_5\" ><label class='gfield_label gform-field-label' for='input_7_5'>Nom<span class=\"gfield_required\"><span class=\"gfield_required gfield_required_asterisk\">*<\/span><\/span><\/label><div class='ginput_container ginput_container_text'><input name='input_5' id='input_7_5' type='text' value='' class='large'     aria-required=\"true\" aria-invalid=\"false\"   \/> <\/div><\/div><div id=\"field_7_2\" class=\"gfield gfield--type-email gfield--input-type-email gfield--width-full gfield_contains_required field_sublabel_above gfield--no-description field_description_above field_validation_below gfield_visibility_visible gfield--email gfield--email\"  data-field-class=\"gfield--email gfield--email\" data-js-reload=\"field_7_2\" ><label class='gfield_label gform-field-label' for='input_7_2'>Courriel<span class=\"gfield_required\"><span class=\"gfield_required gfield_required_asterisk\">*<\/span><\/span><\/label><div class='ginput_container ginput_container_email'>\n                            <input name='input_2' id='input_7_2' type='email' value='' class='large'    aria-required=\"true\" aria-invalid=\"false\"  \/>\n                        <\/div><\/div><div id=\"field_7_9\" class=\"gfield gfield--type-select gfield--input-type-select gfield--width-full gfield_contains_required field_sublabel_above gfield--no-description field_description_above field_validation_below gfield_visibility_visible gfield--select gfield--select\"  data-field-class=\"gfield--select gfield--select\" data-js-reload=\"field_7_9\" ><label class='gfield_label gform-field-label' for='input_7_9'>Sujet<span class=\"gfield_required\"><span class=\"gfield_required gfield_required_asterisk\">*<\/span><\/span><\/label><div class='ginput_container ginput_container_select'><select name='input_9' id='input_7_9' class='large gfield_select'    aria-required=\"true\" aria-invalid=\"false\" ><option value='Question g\u00e9n\u00e9rale' >Question g\u00e9n\u00e9rale<\/option><option value='Envoyer le CAQ' >Envoyer le CAQ<\/option><option value='Envoyer le permis d\u2019\u00e9tudes' >Envoyer le permis d\u2019\u00e9tudes<\/option><option value='Envoyer le CAQ et le permis d\u2019\u00e9tudes' >Envoyer le CAQ et le permis d\u2019\u00e9tudes<\/option><option value='Envoyer les renseignements de vol' >Envoyer les renseignements de vol<\/option><option value='Other' >Other<\/option><\/select><\/div><\/div><div id=\"field_7_6\" class=\"gfield gfield--type-fileupload gfield--input-type-fileupload gfield--width-full field_sublabel_above gfield--no-description field_description_above field_validation_below gfield_visibility_visible gfield--fileupload gfield--fileupload\"  data-field-class=\"gfield--fileupload gfield--fileupload\" data-js-reload=\"field_7_6\" ><label class='gfield_label gform-field-label' for='gform_browse_button_7_6'>Pi\u00e8ces jointes<\/label><div class='ginput_container ginput_container_fileupload'><div id='gform_multifile_upload_7_6' data-settings='{&quot;runtimes&quot;:&quot;html5,flash,html4&quot;,&quot;browse_button&quot;:&quot;gform_browse_button_7_6&quot;,&quot;container&quot;:&quot;gform_multifile_upload_7_6&quot;,&quot;drop_element&quot;:&quot;gform_drag_drop_area_7_6&quot;,&quot;filelist&quot;:&quot;gform_preview_7_6&quot;,&quot;unique_names&quot;:true,&quot;file_data_name&quot;:&quot;file&quot;,&quot;url&quot;:&quot;https:\\\/\\\/isp.swlauriersb.vortexdev.com\\\/fr\\\/?gf_page=ee8f229b73c65b3&quot;,&quot;flash_swf_url&quot;:&quot;https:\\\/\\\/isp.swlauriersb.vortexdev.com\\\/wp-includes\\\/js\\\/plupload\\\/plupload.flash.swf&quot;,&quot;silverlight_xap_url&quot;:&quot;https:\\\/\\\/isp.swlauriersb.vortexdev.com\\\/wp-includes\\\/js\\\/plupload\\\/plupload.silverlight.xap&quot;,&quot;filters&quot;:{&quot;mime_types&quot;:[{&quot;title&quot;:&quot;Fichiers autoris\\u00e9s&quot;,&quot;extensions&quot;:&quot;*&quot;}],&quot;max_file_size&quot;:&quot;15360000b&quot;},&quot;multipart&quot;:true,&quot;urlstream_upload&quot;:false,&quot;multipart_params&quot;:{&quot;form_id&quot;:7,&quot;field_id&quot;:6},&quot;gf_vars&quot;:{&quot;max_files&quot;:0,&quot;message_id&quot;:&quot;gform_multifile_messages_7_6&quot;,&quot;disallowed_extensions&quot;:[&quot;php&quot;,&quot;asp&quot;,&quot;aspx&quot;,&quot;cmd&quot;,&quot;csh&quot;,&quot;bat&quot;,&quot;html&quot;,&quot;htm&quot;,&quot;hta&quot;,&quot;jar&quot;,&quot;exe&quot;,&quot;com&quot;,&quot;js&quot;,&quot;lnk&quot;,&quot;htaccess&quot;,&quot;phtml&quot;,&quot;ps1&quot;,&quot;ps2&quot;,&quot;php3&quot;,&quot;php4&quot;,&quot;php5&quot;,&quot;php6&quot;,&quot;py&quot;,&quot;rb&quot;,&quot;tmp&quot;]}}' class='gform_fileupload_multifile'>\n\t\t\t\t\t\t\t\t\t\t<div id='gform_drag_drop_area_7_6' class='gform_drop_area gform-theme-field-control'>\n\t\t\t\t\t\t\t\t\t\t\t<span class='gform_drop_instructions'>D\u00e9poser les fichiers ici ou <\/span>\n\t\t\t\t\t\t\t\t\t\t\t<button type='button' id='gform_browse_button_7_6' class='button gform_button_select_files gform-theme-button gform-theme-button--control' aria-describedby=\"gfield_upload_rules_7_6\"  >S\u00e9lectionnez des fichiers<\/button>\n\t\t\t\t\t\t\t\t\t\t<\/div>\n\t\t\t\t\t\t\t\t\t<\/div><span class='gfield_description gform_fileupload_rules' id='gfield_upload_rules_7_6'>Taille maximum des fichiers : 15 MB.<\/span><ul class='validation_message--hidden-on-empty gform-ul-reset' id='gform_multifile_messages_7_6'><\/ul> <!-- Leave <ul> empty to support CSS :empty selector. --><\/div><div id='gform_preview_7_6' class='ginput_preview_list'><\/div><\/div><div id=\"field_7_3\" class=\"gfield gfield--type-textarea gfield--input-type-textarea gfield--width-full gfield_contains_required field_sublabel_above gfield--has-description field_description_above field_validation_below gfield_visibility_visible gfield--textarea gfield--textarea\"  data-field-class=\"gfield--textarea gfield--textarea\" data-js-reload=\"field_7_3\" ><label class='gfield_label gform-field-label' for='input_7_3'>Message<span class=\"gfield_required\"><span class=\"gfield_required gfield_required_asterisk\">*<\/span><\/span><\/label><div class='gfield_description' id='gfield_description_7_3'>Dites-nous ce que vous avez en t\u00eate. Avez-vous une question? Posez-la.<\/div><div class='ginput_container ginput_container_textarea'><textarea name='input_3' id='input_7_3' class='textarea medium'  aria-describedby=\"gfield_description_7_3\" maxlength='600'  aria-required=\"true\" aria-invalid=\"false\"   rows='10' cols='50'><\/textarea><\/div><\/div><\/div><\/div>\n        <div class='gform_footer top_label'> <button type='submit' id='gform_submit_button_7' class='btn gform_button button' value='Envoyer'  onclick='if(window[\"gf_submitting_7\"]){return false;}  if( !jQuery(\"#gform_7\")[0].checkValidity || jQuery(\"#gform_7\")[0].checkValidity()){window[\"gf_submitting_7\"]=true;}  ' onkeypress='if( event.keyCode == 13 ){ if(window[\"gf_submitting_7\"]){return false;} if( !jQuery(\"#gform_7\")[0].checkValidity || jQuery(\"#gform_7\")[0].checkValidity()){window[\"gf_submitting_7\"]=true;}  jQuery(\"#gform_7\").trigger(\"submit\",[true]); }' >Envoyer<\/button><p class=\"required-legend\">Tous les champs identifi\u00e9s par un ast\u00e9risque (*) sont obligatoires.<\/p> <input type='hidden' name='gform_ajax' value='form_id=7&amp;title=&amp;description=&amp;tabindex=0&amp;theme=gravity-theme' \/>\n            <input type='hidden' class='gform_hidden' name='is_submit_7' value='1' \/>\n            <input type='hidden' class='gform_hidden' name='gform_submit' value='7' \/>\n            \n            <input type='hidden' class='gform_hidden' name='gform_unique_id' value='' \/>\n            <input type='hidden' class='gform_hidden' name='state_7' value='WyJ7XCI5XCI6W1wiYTM5MDJhNTY0NjM2OGMyMWI5YjBkMzNjYmVhYzViMjBcIixcIjg4NjZlMDcyN2FkOTUwOTkxZjk5NWZhYWQwNmE1YTFiXCIsXCJjN2YwOTE0NzlmMTQ1MGY4Y2Q0MWMxOGQ0NDYxOGNiZVwiLFwiZTZiYzVjYjAwNDJiZTlkMDgxYzdlNmMwYjYxOTdiNjhcIixcImExZjFlN2NlNWQ3NTFkNGQxZjhmNTY4MmE4NzU0ZTRhXCIsXCI2OTdiZTE3ZGIyMjU0YTgxNGYzNTNjY2Q4OTJlOWM4ZFwiXX0iLCJmYjg0Y2IyMzc3ODRjYWM5ODdkZjg3Y2E2M2JlYTU1OSJd' \/>\n            <input type='hidden' class='gform_hidden' name='gform_target_page_number_7' id='gform_target_page_number_7' value='0' \/>\n            <input type='hidden' class='gform_hidden' name='gform_source_page_number_7' id='gform_source_page_number_7' value='1' \/>\n            <input type='hidden' name='gform_field_values' value='' \/>\n            <input type='hidden' name='gform_uploaded_files' id='gform_uploaded_files_7' value='' \/>\n        <\/div>\n                        <p style=\"display: none !important;\" class=\"akismet-fields-container\" data-prefix=\"ak_\"><label>&#916;<textarea name=\"ak_hp_textarea\" cols=\"45\" rows=\"8\" maxlength=\"100\"><\/textarea><\/label><input type=\"hidden\" id=\"ak_js_1\" name=\"ak_js\" value=\"199\"\/><script>document.getElementById( \"ak_js_1\" ).setAttribute( \"value\", ( new Date() ).getTime() );<\/script><\/p><\/form>\n                        <\/div>\n\t\t                <iframe style='display:none;width:0px;height:0px;' src='about:blank' name='gform_ajax_frame_7' id='gform_ajax_frame_7' title='Cette iframe contient la logique n\u00e9cessaire pour manipuler Gravity Forms avec AJAX'><\/iframe>\n\t\t                <script type=\"text\/javascript\">\n\/* <![CDATA[ *\/\ndocument.addEventListener( \"DOMContentLoaded\", function() {  gform.initializeOnLoaded( function() {gformInitSpinner( 7, 'https:\/\/isp.swlauriersb.vortexdev.com\/wp-content\/plugins\/gravityforms\/images\/spinner.svg', true );jQuery('#gform_ajax_frame_7').on('load',function(){var contents = jQuery(this).contents().find('*').html();var is_postback = contents.indexOf('GF_AJAX_POSTBACK') >= 0;if(!is_postback){return;}var form_content = jQuery(this).contents().find('#gform_wrapper_7');var is_confirmation = jQuery(this).contents().find('#gform_confirmation_wrapper_7').length > 0;var is_redirect = contents.indexOf('gformRedirect(){') >= 0;var is_form = form_content.length > 0 && ! is_redirect && ! is_confirmation;var mt = parseInt(jQuery('html').css('margin-top'), 10) + parseInt(jQuery('body').css('margin-top'), 10) + 100;if(is_form){form_content.find('form').css('opacity', 0);jQuery('#gform_wrapper_7').html(form_content.html());if(form_content.hasClass('gform_validation_error')){jQuery('#gform_wrapper_7').addClass('gform_validation_error');} else {jQuery('#gform_wrapper_7').removeClass('gform_validation_error');}setTimeout( function() { \/* delay the scroll by 50 milliseconds to fix a bug in chrome *\/ jQuery(document).scrollTop(jQuery('#gform_wrapper_7').offset().top - mt); }, 50 );if(window['gformInitDatepicker']) {gformInitDatepicker();}if(window['gformInitPriceFields']) {gformInitPriceFields();}var current_page = jQuery('#gform_source_page_number_7').val();gformInitSpinner( 7, 'https:\/\/isp.swlauriersb.vortexdev.com\/wp-content\/plugins\/gravityforms\/images\/spinner.svg', true );jQuery(document).trigger('gform_page_loaded', [7, current_page]);window['gf_submitting_7'] = false;}else if(!is_redirect){var confirmation_content = jQuery(this).contents().find('.GF_AJAX_POSTBACK').html();if(!confirmation_content){confirmation_content = contents;}jQuery('#gform_wrapper_7').replaceWith(confirmation_content);jQuery(document).scrollTop(jQuery('#gf_7').offset().top - mt);jQuery(document).trigger('gform_confirmation_loaded', [7]);window['gf_submitting_7'] = false;wp.a11y.speak(jQuery('#gform_confirmation_message_7').text());}else{jQuery('#gform_7').append(contents);if(window['gformRedirect']) {gformRedirect();}}jQuery(document).trigger(\"gform_pre_post_render\", [{ formId: \"7\", currentPage: \"current_page\", abort: function() { this.preventDefault(); } }]);                if (event && event.defaultPrevented) {                return;         }        const gformWrapperDiv = document.getElementById( \"gform_wrapper_7\" );        if ( gformWrapperDiv ) {            const visibilitySpan = document.createElement( \"span\" );            visibilitySpan.id = \"gform_visibility_test_7\";            gformWrapperDiv.insertAdjacentElement( \"afterend\", visibilitySpan );        }        const visibilityTestDiv = document.getElementById( \"gform_visibility_test_7\" );        let postRenderFired = false;                function triggerPostRender() {            if ( postRenderFired ) {                return;            }            postRenderFired = true;            jQuery( document ).trigger( 'gform_post_render', [7, current_page] );            gform.utils.trigger( { event: 'gform\/postRender', native: false, data: { formId: 7, currentPage: current_page } } );            if ( visibilityTestDiv ) {                visibilityTestDiv.parentNode.removeChild( visibilityTestDiv );            }        }        function debounce( func, wait, immediate ) {            var timeout;            return function() {                var context = this, args = arguments;                var later = function() {                    timeout = null;                    if ( !immediate ) func.apply( context, args );                };                var callNow = immediate && !timeout;                clearTimeout( timeout );                timeout = setTimeout( later, wait );                if ( callNow ) func.apply( context, args );            };        }        const debouncedTriggerPostRender = debounce( function() {            triggerPostRender();        }, 200 );        if ( visibilityTestDiv && visibilityTestDiv.offsetParent === null ) {            const observer = new MutationObserver( ( mutations ) => {                mutations.forEach( ( mutation ) => {                    if ( mutation.type === 'attributes' && visibilityTestDiv.offsetParent !== null ) {                        debouncedTriggerPostRender();                        observer.disconnect();                    }                });            });            observer.observe( document.body, {                attributes: true,                childList: false,                subtree: true,                attributeFilter: [ 'style', 'class' ],            });        } else {            triggerPostRender();        }    } );} );  }, false );\n\/* ]]> *\/\n<\/script>\n    <\/div>\n    \n   <\/div>\n<\/section>\n","protected":false},"excerpt":{"rendered":"","protected":false},"author":1,"featured_media":0,"parent":0,"menu_order":0,"comment_status":"closed","ping_status":"closed","template":"","meta":{"_acf_changed":false,"_relevanssi_hide_post":"","_relevanssi_hide_content":"","_relevanssi_pin_for_all":"","_relevanssi_pin_keywords":"","_relevanssi_unpin_keywords":"","_relevanssi_related_keywords":"","_relevanssi_related_include_ids":"","_relevanssi_related_exclude_ids":"","_relevanssi_related_no_append":"","_relevanssi_related_not_related":"","_relevanssi_related_posts":"2328","_relevanssi_noindex_reason":"","footnotes":""},"acf":[],"_links":{"self":[{"href":"https:\/\/isp.swlauriersb.vortexdev.com\/fr\/wp-json\/wp\/v2\/pages\/2979"}],"collection":[{"href":"https:\/\/isp.swlauriersb.vortexdev.com\/fr\/wp-json\/wp\/v2\/pages"}],"about":[{"href":"https:\/\/isp.swlauriersb.vortexdev.com\/fr\/wp-json\/wp\/v2\/types\/page"}],"author":[{"embeddable":true,"href":"https:\/\/isp.swlauriersb.vortexdev.com\/fr\/wp-json\/wp\/v2\/users\/1"}],"replies":[{"embeddable":true,"href":"https:\/\/isp.swlauriersb.vortexdev.com\/fr\/wp-json\/wp\/v2\/comments?post=2979"}],"version-history":[{"count":5,"href":"https:\/\/isp.swlauriersb.vortexdev.com\/fr\/wp-json\/wp\/v2\/pages\/2979\/revisions"}],"predecessor-version":[{"id":3038,"href":"https:\/\/isp.swlauriersb.vortexdev.com\/fr\/wp-json\/wp\/v2\/pages\/2979\/revisions\/3038"}],"wp:attachment":[{"href":"https:\/\/isp.swlauriersb.vortexdev.com\/fr\/wp-json\/wp\/v2\/media?parent=2979"}],"curies":[{"name":"wp","href":"https:\/\/api.w.org\/{rel}","templated":true}]}}