{"id":2981,"date":"2024-05-23T09:42:54","date_gmt":"2024-05-23T13:42:54","guid":{"rendered":"https:\/\/isp.swlauriersb.vortexdev.com\/faq-contacts-us\/"},"modified":"2024-12-11T08:56:48","modified_gmt":"2024-12-11T13:56:48","slug":"faq","status":"publish","type":"page","link":"https:\/\/isp.swlauriersb.vortexdev.com\/fr\/faq\/","title":{"rendered":"FAQ"},"content":{"rendered":"\n<h3 class=\"wp-block-heading has-teal-600-color has-text-color has-link-color wp-elements-358dd40df88260158299d764cdb1fcf6\"><strong>G\u00e9n\u00e9ral<\/strong><\/h3>\n\n\n\n<ul>\n<li><strong>Votre centre est-il public ou priv\u00e9?<\/strong><\/li>\n<\/ul>\n\n\n\n<p>Public.<\/p>\n\n\n\n<ul>\n<li><strong>Votre centre est-il un EED (\u00e9tablissements d\u2019enseignement d\u00e9sign\u00e9s)?<\/strong><\/li>\n<\/ul>\n\n\n\n<p>Oui, notre num\u00e9ro d\u2019EED est: <a href=\"https:\/\/www.canada.ca\/en\/immigration-refugees-citizenship\/services\/study-canada\/study-permit\/prepare\/designated-learning-institutions-list.html\" target=\"_blank\" rel=\"noreferrer noopener\">O246875965662<\/a>.<\/p>\n\n\n\n<ul>\n<li><strong>Combien de temps faut-il pour recevoir la lettre d\u2019acceptation d\u2019un \u00e9tudiant?<\/strong><\/li>\n<\/ul>\n\n\n\n<p>Il peut prendre 1-2 semaines pour recevoir une lettre d\u2019acceptation une fois que l\u2019\u00e9tudiant r\u00e9pond \u00e0 toutes les exigences, la facture a \u00e9t\u00e9 \u00e9mise et le paiement initial a \u00e9t\u00e9 effectu\u00e9.<\/p>\n\n\n\n<ul>\n<li><strong>D\u2019o\u00f9 viennent la plupart de vos \u00e9tudiants internationaux?<\/strong><\/li>\n<\/ul>\n\n\n\n<p>Nous avons accueilli des \u00e9tudiants internationaux de toutes les r\u00e9gions du monde, comme la Chine, l\u2019Inde, le Mexique, les Philippines, l\u2019Albanie, la Colombie, la Libye, l\u2019\u00cele Maurice, la France, les \u00c9tats-Unis, l\u2019Iran, le Chili, le Vietnam, le P\u00e9rou, la Cor\u00e9e, Taiwan, le Br\u00e9sil, le Ghana, l\u2019Espagne, le Cambodge, la Tha\u00eflande, le Bangladesh, la Hongrie, le Rwanda, la Su\u00e8de, Allemagne et Angleterre. Nous esp\u00e9rons continuer \u00e0 rencontrer plus d\u2019\u00e9tudiants internationaux de diff\u00e9rents pays dans le futur.<\/p>\n\n\n\n<h3 class=\"wp-block-heading has-teal-600-color has-text-color has-link-color wp-elements-4edd5d264fbb3e71cefc670a7f4dcfbb\"><strong>Secteur des jeunes<\/strong><\/h3>\n\n\n\n<ul>\n<li><strong>Acceptez-vous des \u00e9tudiants qui ont des comp\u00e9tences en anglais tr\u00e8s faibles\/d\u00e9butant et qui aimeraient s\u2019inscrire dans l\u2019une de vos \u00e9coles?<\/strong><\/li>\n<\/ul>\n\n\n\n<p>Les \u00e9l\u00e8ves qui n\u2019ont pas ou peu de connaissances en anglais ne satisfont peut-\u00eatre pas aux exigences requises pour \u00e9tudier au sein de notre conseil scolaire. Selon la classe qu\u2019ils souhaitent fr\u00e9quenter et leur objectif pendant leurs \u00e9tudes au Canada, nous devrions v\u00e9rifier les relev\u00e9s de notes des \u00e9l\u00e8ves et leurs comp\u00e9tences en anglais pour examiner plus avant leur admissibilit\u00e9.<\/p>\n\n\n\n<ul>\n<li><strong>Les \u00e9tudiants doivent-ils obligatoirement fournir un score IELTS ?<\/strong><\/li>\n<\/ul>\n\n\n\n<p>Comme indiqu\u00e9 sur notre contrat d&#8217;\u00e9tudiant, les \u00e9tudiants de 10e et 11e ann\u00e9e doivent fournir des r\u00e9sultats aux tests d\u2019anglais (IELTS\/TOEFL\/CAMBRIDGE ou \u00e9quivalent) comme l\u2019une des conditions pr\u00e9alables. Pour les \u00e9l\u00e8ves de 9e ann\u00e9e et moins, bien que ce ne soit pas une exigence obligatoire, nous v\u00e9rifions leurs notes r\u00e9centes en anglais sur les bulletins fournis afin d\u2019assurer la r\u00e9ussite des \u00e9l\u00e8ves.<\/p>\n\n\n\n<ul>\n<li><strong>Un \u00e9l\u00e8ve pourrait-il aller en 11e ann\u00e9e dans l\u2019une de vos \u00e9coles et esp\u00e9rer obtenir son dipl\u00f4me?<\/strong><\/li>\n<\/ul>\n\n\n\n<p>Pour satisfaire aux exigences de l\u2019obtention d\u2019un dipl\u00f4me au Qu\u00e9bec, il faut obtenir des cr\u00e9dits de la 10e ann\u00e9e et r\u00e9ussir TOUTES les 11e ann\u00e9es, y compris le fran\u00e7ais langue seconde (niveau secondaire 5). Par cons\u00e9quent, les \u00e9l\u00e8ves qui se joignent \u00e0 notre programme au niveau secondaire 5 ne seront pas admissibles \u00e0 recevoir un dipl\u00f4me d\u2019\u00e9tudes secondaires.<\/p>\n\n\n\n<ul>\n<li><strong>Les \u00e9tudiants peuvent-ils souscrire leur propre assurance m\u00e9dicale ou l\u2019inclure dans leur programme?<\/strong><\/li>\n<\/ul>\n\n\n\n<p>C&#8217;est obligatoire pour tous les \u00e9tudiants \u00e9trangers d\u2019avoir une assurance m\u00e9dicale valide pendant leurs \u00e9tudes au Canada. Par cons\u00e9quent, nous incluons ces frais dans leur programme. Pour assurer la couverture et la s\u00e9curit\u00e9 des \u00e9tudiants, nous ne permettons pas aux \u00e9tudiants d\u2019acheter leur propre assurance. Ils doivent tous \u00eatre assur\u00e9s par notre fournisseur de services. Nous avons n\u00e9goci\u00e9 des tarifs tr\u00e8s \u00e9conomiques avec une excellente couverture.<\/p>\n\n\n\n<ul>\n<li><strong>Quand les \u00e9tudiants re\u00e7oivent-ils leurs dipl\u00f4mes et relev\u00e9s de notes officiels?<\/strong><\/li>\n<\/ul>\n\n\n\n<p>Au terme de leur ann\u00e9e scolaire, les notes finales sont transmises au minist\u00e8re et les dipl\u00f4mes et relev\u00e9s de notes finaux sont d\u00e9livr\u00e9s vers la mi-juillet. Ces documents sont envoy\u00e9s par la poste aux adresses des \u00e9tudiants, il est donc tr\u00e8s important que les \u00e9tudiants qui quittent leur famille d\u2019accueil avant cette date demandent \u00e0 la famille de leur envoyer ces documents importants par courrier ou courriel.<\/p>\n\n\n\n<ul>\n<li><strong>Quel genre d\u2019activit\u00e9s parascolaires vos \u00e9coles offrent-elles?<\/strong><\/li>\n<\/ul>\n\n\n\n<p>Nos \u00e9coles offrent une vari\u00e9t\u00e9 d\u2019activit\u00e9s \u00e9ducatives, culturelles et r\u00e9cr\u00e9atives qui comprennent la robotique, les sciences et les salons de l\u2019emploi, les danses, les journ\u00e9es \u00e0 th\u00e8me, les \u00e9quipes sportives, le travail du bois, les courses Terry Fox, les courses contre le cancer du sein, des \u00e9v\u00e9nements artistiques, des sorties sur le terrain et bien d\u2019autres.<\/p>\n\n\n\n<p>De plus, nos \u00e9coles secondaires offrent \u00e9galement des \u00e9quipes sportives comp\u00e9titives comme le football, le hockey, le soccer, le basketball, le handball, le hockey sur gazon, la gymnastique, la lutte, l\u2019athl\u00e9tisme, le ski de fond, le broomball, l\u2019halt\u00e9rophilie et les sports intramuraux. La disponibilit\u00e9 de ces activit\u00e9s parascolaires varie selon l\u2019\u00e9cole.<\/p>\n\n\n\n<ul>\n<li><strong>Si un \u00e9tudiant n\u2019a pas de famille dans la r\u00e9gion, comment peut-il trouver une chambre chez l\u2019habitant?<\/strong><\/li>\n<\/ul>\n\n\n\n<p>Nous avons un partenariat avec MLI Homestay. Si les \u00e9tudiants ou les parents ont besoin de renseignements sur les services d\u2019h\u00e9bergement chez l\u2019habitant, ils peuvent communiquer avec MLI par t\u00e9l\u00e9phone au 416-646-5405 ext 515 ou par courriel&nbsp;<a href=\"mailto:fmubeen@mlihomestay.com\">fmubeen@mlihomestay.com<\/a>&nbsp;\/&nbsp;<a href=\"mailto:kash@mlihomestay.com\">kash@mlihomestay.com<\/a><\/p>\n\n\n\n<ul>\n<li><strong>Fournissez-vous des services de garde pour les \u00e9tudiants mineurs?<\/strong><\/li>\n<\/ul>\n\n\n\n<p>Oui, mais il est uniquement offert par l\u2019organisation MLI (notre fournisseur de s\u00e9jours en famille d\u2019accueil) pour les \u00e9tudiants s\u00e9journant dans une de leurs familles d\u2019accueil. Pour tous les autres \u00e9tudiants qui vivent avec des parents, ils sont responsables des services de garde.<\/p>\n\n\n\n<h3 class=\"wp-block-heading has-teal-600-color has-text-color has-link-color wp-elements-6b88eb3fc6c46cd1a85a2db50a59be5f\"><strong>Secteur de la Formation Professionnelle<\/strong><\/h3>\n\n\n\n<ul>\n<li><strong>Existe-t-il des cours \u00e0 temps partiel?<\/strong><\/li>\n<\/ul>\n\n\n\n<p>Tous nos programmes de formation professionnelle sont \u00e0 temps plein. Par cons\u00e9quent, pour le moment, nous n\u2019offrons pas de cours \u00e0 temps partiel. Cependant, nous offrons des programmes plus courts qui durent entre 4 et 6 mois.<\/p>\n\n\n\n<ul>\n<li><strong>Des cours le week-end sont-ils disponibles?<\/strong><\/li>\n<\/ul>\n\n\n\n<p>Malheureusement, nous n\u2019offrons pas de cours le week-end. Les programmes que nous offrons sont des cours de jour du lundi au vendredi environ de 8:00 \u00e0 16:00.<\/p>\n\n\n\n<ul>\n<li><strong>Aidez-vous les \u00e9tudiants internationaux \u00e0 trouver un logement pr\u00e8s de votre centre de formation ?<\/strong><\/li>\n<\/ul>\n\n\n\n<p>Nous ne fournissons pas ce service \u00e0 nos \u00e9tudiants adultes. Cependant, nous avons une liste d\u2019options d\u2019h\u00e9bergement que les \u00e9tudiants peuvent utiliser comme r\u00e9f\u00e9rence, veuillez la trouver sur le c\u00f4t\u00e9 gauche de notre site sous &#8220;documents et brochures&#8221; puis cliquez sur &#8220;accommodation&#8221;.<\/p>\n\n\n\n<ul>\n<li><strong>Les \u00e9tudiants doivent-ils fournir un score IELTS?<\/strong><\/li>\n<\/ul>\n\n\n\n<p>Comme indiqu\u00e9 sur notre Contrat d&#8217;\u00e9tudiant, les \u00e9tudiants doivent avoir un score IELTS de 6 ou son \u00e9quivalent \u00e0 Cambridge, TOFEL, ou PTE Academic).<\/p>\n\n\n\n<ul>\n<li><strong>Est-il vraiment n\u00e9cessaire d\u2019avoir un permis COOP?<\/strong><\/li>\n<\/ul>\n\n\n\n<p>Comme il est indiqu\u00e9 dans nos lettres d\u2019acceptation, certains programmes exigent que les \u00e9tudiants poss\u00e8dent un permis COOP valide afin de pouvoir terminer leur stage ou leurs heures COOP dans leur domaine d\u2019\u00e9tudes.<\/p>\n\n\n\n<ul>\n<li><strong>Comment les \u00e9tudiants obtiennent-ils un permis COOP?<\/strong><\/li>\n<\/ul>\n\n\n\n<p>Lorsqu\u2019ils demandent un permis d\u2019\u00e9tudes, ils doivent indiquer que leur programme comprend des heures de stage ou de COOP afin d\u2019obtenir ce permis suppl\u00e9mentaire ainsi que le permis d\u2019\u00e9tudes. Si les \u00e9tudiants ne le font pas, ils pourraient \u00eatre oblig\u00e9s de se rendre \u00e0 la fronti\u00e8re canado-am\u00e9ricaine pour en demander un et cela pourrait retarder l\u2019ach\u00e8vement de leurs cours pratiques.<\/p>\n\n\n\n<ul>\n<li><strong>Le centre aide-t-il les \u00e9l\u00e8ves \u00e0 trouver un stage (COOP\/heures de pratique)?<\/strong><\/li>\n<\/ul>\n\n\n\n<p>\u00c9tant donn\u00e9 la nature du programme de sant\u00e9, d\u2019aide et de soins infirmiers, c\u2019est le seul programme que le centre offre aux \u00e9tudiants pour trouver un stage. Pour tous les autres programmes, il incombe \u00e0 l\u2019\u00e9tudiant de rechercher et de pr\u00e9senter une demande en temps opportun pour obtenir des stages dans son domaine d\u2019\u00e9tudes afin de s\u2019assurer que le programme est termin\u00e9 \u00e0 la date de fin pr\u00e9d\u00e9termin\u00e9e.<\/p>\n\n\n\n<ul>\n<li><strong>Serai-je admissible \u00e0 un permis de travail postdipl\u00f4me<\/strong> <strong>(PTPD) une fois mes \u00e9tudes termin\u00e9es?<\/strong><\/li>\n<\/ul>\n\n\n\n<p>Selon le programme choisi et la dur\u00e9e, vous pourriez \u00eatre admissible \u00e0 un PTPD allant jusqu\u2019\u00e0 1-3 ans. Comme indiqu\u00e9 sur le site web d\u2019Immigration Canada, les programmes de 1800 heures ou plus donneront lieu \u00e0 un PTPD. Les \u00e9tudiants ne seront pas admissibles \u00e0 un PTPD pour des programmes de moins de 1800 heures. Pour obtenir de plus amples renseignements, veuillez consulter le site https:\/\/www.canada.ca\/fr\/immigration-refugies-citoyenne\/services\/etudiance-canada\/travail\/apr\u00e8s-graduation\/about.html<\/p>\n\n\n\n<ul>\n<li><strong>Apr\u00e8s avoir r\u00e9ussi le programme d\u2019aide \u00e0 la sant\u00e9 et de soins infirmiers, l\u2019\u00e9tudiant est-il admissible \u00e0 devenir infirmi\u00e8re autoris\u00e9e ou infirmi\u00e8re en exercice?<\/strong><\/li>\n<\/ul>\n\n\n\n<p>Les \u00e9tudiants seraient qualifi\u00e9s pour devenir un assistant infirmier inscrit. Pour ce faire, ils doivent passer un examen aupr\u00e8s de l\u2019Ordre des infirmi\u00e8res et infirmiers auxiliaires du Qu\u00e9bec (OIIAQ). Cela ne doit \u00eatre fait qu\u2019une fois leur programme de formation professionnelle termin\u00e9 avec succ\u00e8s. Pour devenir infirmi\u00e8re autoris\u00e9e, elle doit poursuivre ses \u00e9tudes et suivre un programme de trois ans afin d\u2019obtenir un dipl\u00f4me en \u00e9tudes coll\u00e9giales en sciences infirmi\u00e8res. Ce programme n\u2019est pas offert dans notre centre de formation professionnelle, mais seulement au c\u00e9geps ou aux coll\u00e8ges.<\/p>\n\n\n\n<ul>\n<li><strong>Quand les \u00e9tudiants re\u00e7oivent-ils leurs dipl\u00f4mes et relev\u00e9s de notes officiels?<\/strong><\/li>\n<\/ul>\n\n\n\n<p>Apr\u00e8s avoir r\u00e9ussi toutes les comp\u00e9tences et s\u2019\u00eatre assur\u00e9 que leurs droits ont \u00e9t\u00e9 pay\u00e9s en totalit\u00e9, les notes finales sont transmises au minist\u00e8re de l\u2019\u00c9ducation pour le traitement des dipl\u00f4mes. Le minist\u00e8re de l\u2019\u00c9ducation envoie les dipl\u00f4mes officiels et les relev\u00e9s de notes directement aux \u00e9tudiants environ 4 \u00e0 5 semaines apr\u00e8s la fin des \u00e9tudes.<\/p>\n\n\n\n<p>Pour les programmes de formation professionnelle, le centre fournira entre-temps aux \u00e9tudiants une lettre d\u2019attestation et un relev\u00e9 de notes leur permettant de pr\u00e9senter une demande pour leurs PTPD.<\/p>\n\n\n\n<p>Important&nbsp;: Si l\u2019\u00e9tudiant a un solde impay\u00e9, les notes finales ne seront pas transmises au minist\u00e8re avant que les frais soient pay\u00e9s en totalit\u00e9. De plus, si un \u00e9tudiant change d\u2019adresse au cours de ses \u00e9tudes, il est extr\u00eamement important de le signaler au centre pour que l\u2019adresse soit mise \u00e0 jour dans le syst\u00e8me et \u00e9viter les retards dans l\u2019obtention de ces documents.<\/p>\n","protected":false},"excerpt":{"rendered":"<p>G\u00e9n\u00e9ral Public. Oui, notre num\u00e9ro d\u2019EED est: O246875965662. Il peut prendre 1-2 semaines pour recevoir une lettre d\u2019acceptation une fois que l\u2019\u00e9tudiant r\u00e9pond \u00e0 toutes les exigences, la facture a \u00e9t\u00e9 \u00e9mise et le paiement initial a \u00e9t\u00e9 effectu\u00e9. Nous avons accueilli des \u00e9tudiants internationaux de toutes les r\u00e9gions du monde, comme la Chine, l\u2019Inde,&hellip;<\/p>\n","protected":false},"author":1,"featured_media":0,"parent":0,"menu_order":0,"comment_status":"closed","ping_status":"closed","template":"","meta":{"_acf_changed":false,"_relevanssi_hide_post":"","_relevanssi_hide_content":"","_relevanssi_pin_for_all":"","_relevanssi_pin_keywords":"","_relevanssi_unpin_keywords":"","_relevanssi_related_keywords":"","_relevanssi_related_include_ids":"","_relevanssi_related_exclude_ids":"","_relevanssi_related_no_append":"","_relevanssi_related_not_related":"","_relevanssi_related_posts":"2328,2924","_relevanssi_noindex_reason":"","footnotes":""},"acf":[],"_links":{"self":[{"href":"https:\/\/isp.swlauriersb.vortexdev.com\/fr\/wp-json\/wp\/v2\/pages\/2981"}],"collection":[{"href":"https:\/\/isp.swlauriersb.vortexdev.com\/fr\/wp-json\/wp\/v2\/pages"}],"about":[{"href":"https:\/\/isp.swlauriersb.vortexdev.com\/fr\/wp-json\/wp\/v2\/types\/page"}],"author":[{"embeddable":true,"href":"https:\/\/isp.swlauriersb.vortexdev.com\/fr\/wp-json\/wp\/v2\/users\/1"}],"replies":[{"embeddable":true,"href":"https:\/\/isp.swlauriersb.vortexdev.com\/fr\/wp-json\/wp\/v2\/comments?post=2981"}],"version-history":[{"count":3,"href":"https:\/\/isp.swlauriersb.vortexdev.com\/fr\/wp-json\/wp\/v2\/pages\/2981\/revisions"}],"predecessor-version":[{"id":3063,"href":"https:\/\/isp.swlauriersb.vortexdev.com\/fr\/wp-json\/wp\/v2\/pages\/2981\/revisions\/3063"}],"wp:attachment":[{"href":"https:\/\/isp.swlauriersb.vortexdev.com\/fr\/wp-json\/wp\/v2\/media?parent=2981"}],"curies":[{"name":"wp","href":"https:\/\/api.w.org\/{rel}","templated":true}]}}