{"id":2987,"date":"2024-05-23T09:48:45","date_gmt":"2024-05-23T13:48:45","guid":{"rendered":"https:\/\/isp.swlauriersb.vortexdev.com\/home\/vocational-training\/work-during-studies\/"},"modified":"2024-12-11T11:44:01","modified_gmt":"2024-12-11T16:44:01","slug":"travailler-pendant-les-etudes","status":"publish","type":"page","link":"https:\/\/isp.swlauriersb.vortexdev.com\/fr\/home\/formation-professionnelle\/travailler-pendant-les-etudes\/","title":{"rendered":"Travailler pendant les \u00e9tudes"},"content":{"rendered":"\n<p>Selon le site web d&#8217;Immigration, R\u00e9fugi\u00e9s et Citoyennet\u00e9 Canada, vous pouvez \u00eatre autoris\u00e9 \u00e0 travailler au Canada pendant vos \u00e9tudes. Si vous pouvez travailler pendant vos \u00e9tudes, cela sera indiqu\u00e9 dans les conditions de votre permis d&#8217;\u00e9tudes. Vous devez \u00e9galement remplir toutes les autres conditions. <strong>Vous ne pouvez pas travailler avant de commencer vos \u00e9tudes<\/strong>.<\/p>\n\n\n\n<p>Veuillez consulter le site web d&#8217;Immigration Canada pour plus de d\u00e9tails sur le travail hors campus en tant qu&#8217;\u00e9tudiant \u00e9tranger.<\/p>\n\n\n\n<div class=\"wp-block-buttons is-layout-flex wp-block-buttons-is-layout-flex\">\n<div class=\"wp-block-button is-style-outline\"><a class=\"wp-block-button__link wp-element-button\" href=\"https:\/\/www.canada.ca\/en\/immigration-refugees-citizenship\/services\/study-canada\/work\/work-off-campus.html\" target=\"_blank\" rel=\"noreferrer noopener\">IRCC Work-off-campus<i class=\"icon-arrow-left\"><\/i><\/a><\/div>\n<\/div>\n","protected":false},"excerpt":{"rendered":"<p>Selon le site web d&#8217;Immigration, R\u00e9fugi\u00e9s et Citoyennet\u00e9 Canada, vous pouvez \u00eatre autoris\u00e9 \u00e0 travailler au Canada pendant vos \u00e9tudes. Si vous pouvez travailler pendant vos \u00e9tudes, cela sera indiqu\u00e9 dans les conditions de votre permis d&#8217;\u00e9tudes. Vous devez \u00e9galement remplir toutes les autres conditions. Vous ne pouvez pas travailler avant de commencer vos \u00e9tudes.&hellip;<\/p>\n","protected":false},"author":1,"featured_media":0,"parent":2983,"menu_order":0,"comment_status":"closed","ping_status":"closed","template":"","meta":{"_acf_changed":false,"_relevanssi_hide_post":"","_relevanssi_hide_content":"","_relevanssi_pin_for_all":"","_relevanssi_pin_keywords":"","_relevanssi_unpin_keywords":"","_relevanssi_related_keywords":"","_relevanssi_related_include_ids":"","_relevanssi_related_exclude_ids":"","_relevanssi_related_no_append":"","_relevanssi_related_not_related":"","_relevanssi_related_posts":"2924,2328","_relevanssi_noindex_reason":"","footnotes":""},"acf":[],"_links":{"self":[{"href":"https:\/\/isp.swlauriersb.vortexdev.com\/fr\/wp-json\/wp\/v2\/pages\/2987"}],"collection":[{"href":"https:\/\/isp.swlauriersb.vortexdev.com\/fr\/wp-json\/wp\/v2\/pages"}],"about":[{"href":"https:\/\/isp.swlauriersb.vortexdev.com\/fr\/wp-json\/wp\/v2\/types\/page"}],"author":[{"embeddable":true,"href":"https:\/\/isp.swlauriersb.vortexdev.com\/fr\/wp-json\/wp\/v2\/users\/1"}],"replies":[{"embeddable":true,"href":"https:\/\/isp.swlauriersb.vortexdev.com\/fr\/wp-json\/wp\/v2\/comments?post=2987"}],"version-history":[{"count":3,"href":"https:\/\/isp.swlauriersb.vortexdev.com\/fr\/wp-json\/wp\/v2\/pages\/2987\/revisions"}],"predecessor-version":[{"id":3136,"href":"https:\/\/isp.swlauriersb.vortexdev.com\/fr\/wp-json\/wp\/v2\/pages\/2987\/revisions\/3136"}],"up":[{"embeddable":true,"href":"https:\/\/isp.swlauriersb.vortexdev.com\/fr\/wp-json\/wp\/v2\/pages\/2983"}],"wp:attachment":[{"href":"https:\/\/isp.swlauriersb.vortexdev.com\/fr\/wp-json\/wp\/v2\/media?parent=2987"}],"curies":[{"name":"wp","href":"https:\/\/api.w.org\/{rel}","templated":true}]}}